{"id":1189,"date":"2021-07-06T16:48:05","date_gmt":"2021-07-06T15:48:05","guid":{"rendered":"https:\/\/demolir.store\/?page_id=1189"},"modified":"2021-07-06T16:48:30","modified_gmt":"2021-07-06T15:48:30","slug":"politica-de-cookies","status":"publish","type":"page","link":"https:\/\/demolir.store\/de\/cookie-richtlinie\/","title":{"rendered":"Cookie-Richtlinie"},"content":{"rendered":"<h3 class=\"wp-block-heading\">Bez\u00fcglich der Cookie-Richtlinie<\/h3>\n\n\n\n<p>Diese Cookie-Richtlinie erkl\u00e4rt, was Cookies sind und wie wir sie verwenden, welche Arten von Cookies wir einsetzen (d. h. welche Informationen wir mithilfe von Cookies sammeln) und wie diese Informationen verwendet werden, sowie wie Sie Ihre Cookie-Einstellungen verwalten k\u00f6nnen. Weitere Informationen dar\u00fcber, wie wir Ihre personenbezogenen Daten verwenden, speichern und sch\u00fctzen, finden Sie in unserer Datenschutzerkl\u00e4rung.<\/p>\n\n\n\n<p>Sie k\u00f6nnen Ihre Einwilligung zur Cookie-Erkl\u00e4rung auf unserer Website jederzeit \u00e4ndern oder widerrufen.<br>In unserer Datenschutzerkl\u00e4rung erfahren Sie mehr dar\u00fcber, wer wir sind, wie Sie uns kontaktieren k\u00f6nnen und wie wir personenbezogene Daten verarbeiten.<br>Ihre Einwilligung gilt f\u00fcr die folgenden Domains: demolir.store<br><div class=\"cli_user_consent_state\">Dein aktueller Status: Keine Einwilligung erteilt. <a class=\"cli_manage_current_consent\" style=\"cursor:pointer;text-decoration:underline;\">Verwalte deine Einwilligung<\/a> <\/div><\/p>\n\n\n\n<h3 class=\"wp-block-heading\">Was sind Cookies?<\/h3>\n\n\n\n<p>Cookies sind kleine Textdateien, die Informationen speichern. Sie werden auf Ihrem Ger\u00e4t gespeichert, sobald Sie die Website in Ihrem Browser aufrufen. Mithilfe dieser Cookies stellen wir sicher, dass die Website korrekt funktioniert, bieten Ihnen ein besseres Nutzererlebnis und analysieren, wie die Website funktioniert und wo Verbesserungen n\u00f6tig sind.<\/p>\n\n\n\n<h3 class=\"wp-block-heading\">Wie wir Cookies verwenden<\/h3>\n\n\n\n<p>Wie die meisten Online-Dienste verwendet auch unsere Website Cookies von Erstanbietern und Drittanbietern f\u00fcr verschiedene Zwecke. Cookies von Erstanbietern sind haupts\u00e4chlich f\u00fcr die korrekte Funktion der Website erforderlich und erfassen keine personenbezogenen Daten.<\/p>\n\n\n\n<p>Die auf unserer Website verwendeten Cookies von Drittanbietern dienen in erster Linie dazu, zu verstehen, wie die Website funktioniert, wie Sie mit unserer Website interagieren, die Sicherheit unserer Dienste zu gew\u00e4hrleisten, Ihnen relevante Werbung anzuzeigen und Ihnen letztendlich ein besseres und optimiertes Benutzererlebnis zu bieten sowie Ihre zuk\u00fcnftigen Interaktionen mit unserer Website zu beschleunigen.<\/p>\n\n\n\n<h3 class=\"wp-block-heading\">Welche Arten von Cookies verwenden wir?<\/h3>\n\n\n\n<p>Notwendig: Einige Cookies sind unerl\u00e4sslich, damit Sie alle Funktionen unserer Website nutzen k\u00f6nnen. Sie erm\u00f6glichen es uns, Benutzersitzungen aufrechtzuerhalten und Sicherheitsbedrohungen vorzubeugen. Sie erfassen oder speichern keine personenbezogenen Daten. Beispielsweise erm\u00f6glichen Ihnen diese Cookies die Anmeldung in Ihrem Konto.<\/p>\n\n\n\n<p>Statistische Daten: Diese Cookies speichern Informationen wie die Anzahl der Website-Besucher, die Anzahl der eindeutigen Besucher, welche Seiten der Website besucht wurden, die Herkunft des Besuchs usw. Diese Daten helfen uns, die Leistung der Website zu verstehen und zu analysieren und festzustellen, wo Verbesserungen erforderlich sind.<\/p>\n\n\n\n<p>Pr\u00e4ferenzen: Diese Cookies helfen uns, Ihre Browsereinstellungen und Pr\u00e4ferenzen, wie z. B. Ihre Sprachpr\u00e4ferenzen, zu speichern, damit Sie bei zuk\u00fcnftigen Besuchen auf der Website ein besseres und effizienteres Erlebnis haben.<br><p>A lista abaixo detalha os cookies utilizados no nosso website.<\/p><table class=\"cookielawinfo-row-cat-table cookielawinfo-classic\"><thead><tr><th class=\"cookielawinfo-column-1\">Cookie<\/th><th class=\"cookielawinfo-column-4\">Beschreibung<\/th><\/tr><\/thead><tbody><tr class=\"cookielawinfo-row\"><td class=\"cookielawinfo-column-1\">Cookie-Gesetz-Info-Checkbox-Werbung<\/td><td class=\"cookielawinfo-column-4\">Der Cookie wird gem\u00e4\u00df DSGVO-Cookie-Einwilligung gesetzt, um die Einwilligung des Nutzers zu Cookies der Kategorie \"Werbung\" zu protokollieren.<\/td><\/tr><tr class=\"cookielawinfo-row\"><td class=\"cookielawinfo-column-1\">cookielawinfo-checkbox-analytics<\/td><td class=\"cookielawinfo-column-4\">Dieser Cookie wird vom GDPR Cookie Consent Plugin gesetzt. Er dient dazu, die Einwilligung des Nutzers f\u00fcr Cookies der Kategorie \"Analyse\" zu speichern.<\/td><\/tr><tr class=\"cookielawinfo-row\"><td class=\"cookielawinfo-column-1\">cookielawinfo-checkbox-functional<\/td><td class=\"cookielawinfo-column-4\">Der Cookie wird gem\u00e4\u00df DSGVO-Cookie-Einwilligung gesetzt, um die Zustimmung des Nutzers zu Cookies der Kategorie \"Funktional\" zu protokollieren.<\/td><\/tr><tr class=\"cookielawinfo-row\"><td class=\"cookielawinfo-column-1\">cookielawinfo-checkbox-necessary<\/td><td class=\"cookielawinfo-column-4\">Dieser Cookie wird vom GDPR Cookie Consent Plugin gesetzt. Die Cookies dienen dazu, die Einwilligung des Nutzers f\u00fcr Cookies der Kategorie \"Notwendig\" zu speichern.<\/td><\/tr><tr class=\"cookielawinfo-row\"><td class=\"cookielawinfo-column-1\">cookielawinfo-checkbox-others<\/td><td class=\"cookielawinfo-column-4\">Dieser Cookie wird vom GDPR Cookie Consent Plugin gesetzt. Er dient dazu, die Einwilligung des Nutzers f\u00fcr Cookies der Kategorie \"Sonstige\u201c zu speichern.<\/td><\/tr><tr class=\"cookielawinfo-row\"><td class=\"cookielawinfo-column-1\">cookielawinfo-checkbox-performance<\/td><td class=\"cookielawinfo-column-4\">Dieser Cookie wird vom GDPR Cookie Consent Plugin gesetzt. Er dient dazu, die Einwilligung des Nutzers f\u00fcr Cookies der Kategorie \"Performance\" zu speichern.<\/td><\/tr><tr class=\"cookielawinfo-row\"><td class=\"cookielawinfo-column-1\">tk_ai<\/td><td class=\"cookielawinfo-column-4\">Sammelt automatisch Informationen f\u00fcr WordPress \u2013 ein First-Party-Analysetool zur Nutzung der WordPress-Dienste. Es handelt sich um eine Sammlung interner Metriken zur Nutzeraktivit\u00e4t, die zur Verbesserung der Nutzererfahrung dienen.<\/td><\/tr><tr class=\"cookielawinfo-row\"><td class=\"cookielawinfo-column-1\">tk_lr<\/td><td class=\"cookielawinfo-column-4\">Dieser Cookie wird vom Jetpack-Plugin auf Websites mit WooCommerce gesetzt. Es handelt sich um einen Referrer-Cookie, der zur Analyse des Referrer-Verhaltens f\u00fcr Jetpack verwendet wird.<\/td><\/tr><tr class=\"cookielawinfo-row\"><td class=\"cookielawinfo-column-1\">tk_or<\/td><td class=\"cookielawinfo-column-4\">Dieser Cookie wird vom Jetpack-Plugin auf Websites mit WooCommerce gesetzt. Es handelt sich um einen Referrer-Cookie, der zur Analyse des Referrer-Verhaltens f\u00fcr Jetpack verwendet wird.<\/td><\/tr><tr class=\"cookielawinfo-row\"><td class=\"cookielawinfo-column-1\">tk_qs<\/td><td class=\"cookielawinfo-column-4\">Sammelt automatisch Informationen f\u00fcr WordPress \u2013 ein First-Party-Analysetool zur Nutzung der WordPress-Dienste. Es handelt sich um eine Sammlung interner Metriken zur Nutzeraktivit\u00e4t, die zur Verbesserung der Nutzererfahrung dienen.<\/td><\/tr><tr class=\"cookielawinfo-row\"><td class=\"cookielawinfo-column-1\">tk_r3d<\/td><td class=\"cookielawinfo-column-4\">Der Cookie wird von Jetpack installiert. Er dient der internen Erfassung von Nutzeraktivit\u00e4ten, um die Benutzerfreundlichkeit zu verbessern.<\/td><\/tr><tr class=\"cookielawinfo-row\"><td class=\"cookielawinfo-column-1\">angesehene Cookie-Richtlinie<\/td><td class=\"cookielawinfo-column-4\">Der Cookie wird vom GDPR Cookie Consent Plugin gesetzt und speichert, ob der Nutzer der Verwendung von Cookies zugestimmt hat. Er speichert keine personenbezogenen Daten.<\/td><\/tr><tr class=\"cookielawinfo-row\"><td class=\"cookielawinfo-column-1\">wp_woocommerce_session_e9d10ba2885feeeb2c47caf24568e69f<\/td><td class=\"cookielawinfo-column-4\">Keine Beschreibung<\/td><\/tr><\/tbody><\/table><\/p>\n\n\n\n<h3 class=\"wp-block-heading\">Wie kann ich meine Cookie-Einstellungen verwalten?<\/h3>\n\n\n\n<p>Wenn Sie Ihre Einstellungen im Laufe Ihrer Browsersitzung \u00e4ndern m\u00f6chten, klicken Sie auf den Tab \u201cCookie-Optionen\u201d. Dadurch wird der Einwilligungshinweis erneut angezeigt, sodass Sie Ihre Einstellungen \u00e4ndern oder Ihre Einwilligung vollst\u00e4ndig widerrufen k\u00f6nnen.<\/p>\n\n\n\n<p>Dar\u00fcber hinaus bieten verschiedene Browser unterschiedliche Methoden zum Blockieren und L\u00f6schen von Website-Cookies. Sie k\u00f6nnen Ihre Browsereinstellungen entsprechend anpassen. Weitere Informationen zum Verwalten und L\u00f6schen von Cookies finden Sie auf wikipedia.org und www.allaboutcookies.org.<\/p>","protected":false},"excerpt":{"rendered":"<p>Sobre a pol\u00edtica de Cookies Esta Pol\u00edtica de Cookies explica o que s\u00e3o cookies e como os utilizamos, os tipos de cookies que utilizamos, ou seja, as informa\u00e7\u00f5es que recolhemos utilizando cookies e como essas informa\u00e7\u00f5es s\u00e3o utilizadas, e como controlar as prefer\u00eancias dos cookies. Para mais informa\u00e7\u00f5es sobre como utilizamos, armazenamos, e mantemos os seus dados pessoais seguros, consulte a nossa Pol\u00edtica de Privacidade.. Pode em qualquer altura alterar ou retirar o seu consentimento da Declara\u00e7\u00e3o de Cookies no nosso websiteSaiba mais sobre quem somos, como pode contactar-nos, e como processamos dados pessoais na nossa Pol\u00edtica de Privacidade.O seu consentimento \u00e9 v\u00e1lido para os seguintes dom\u00ednios: demolir.store O que&hellip; <a class=\"read-more\" href=\"https:\/\/demolir.store\/de\/cookie-richtlinie\/\">Mehr Lesen<\/a><\/p>","protected":false},"author":1,"featured_media":0,"parent":0,"menu_order":0,"comment_status":"closed","ping_status":"closed","template":"","meta":{"footnotes":""},"class_list":["post-1189","page","type-page","status-publish","hentry"],"aioseo_notices":[],"_links":{"self":[{"href":"https:\/\/demolir.store\/de\/wp-json\/wp\/v2\/pages\/1189","targetHints":{"allow":["GET"]}}],"collection":[{"href":"https:\/\/demolir.store\/de\/wp-json\/wp\/v2\/pages"}],"about":[{"href":"https:\/\/demolir.store\/de\/wp-json\/wp\/v2\/types\/page"}],"author":[{"embeddable":true,"href":"https:\/\/demolir.store\/de\/wp-json\/wp\/v2\/users\/1"}],"replies":[{"embeddable":true,"href":"https:\/\/demolir.store\/de\/wp-json\/wp\/v2\/comments?post=1189"}],"version-history":[{"count":2,"href":"https:\/\/demolir.store\/de\/wp-json\/wp\/v2\/pages\/1189\/revisions"}],"predecessor-version":[{"id":1191,"href":"https:\/\/demolir.store\/de\/wp-json\/wp\/v2\/pages\/1189\/revisions\/1191"}],"wp:attachment":[{"href":"https:\/\/demolir.store\/de\/wp-json\/wp\/v2\/media?parent=1189"}],"curies":[{"name":"wp","href":"https:\/\/api.w.org\/{rel}","templated":true}]}}