{"id":1405,"date":"2026-01-11T19:17:37","date_gmt":"2026-01-11T19:17:37","guid":{"rendered":"https:\/\/demolir.store\/?page_id=1405"},"modified":"2026-01-11T19:25:01","modified_gmt":"2026-01-11T19:25:01","slug":"politica-de-devolucao-e-reembolso","status":"publish","type":"page","link":"https:\/\/demolir.store\/de\/ruckgabe-und-erstattungsrichtlinie\/","title":{"rendered":"R\u00fcckgabe- und Erstattungsrichtlinie"},"content":{"rendered":"<h3 class=\"wp-block-heading\">1. Geltungsbereich<\/h3>\n\n\n\n<p>Diese Richtlinie gilt f\u00fcr alle K\u00e4ufe, die \u00fcber den Online-Shop get\u00e4tigt werden. <strong>demolir.store<\/strong>, spezialisiert auf den Verkauf von <strong>gro\u00dffl\u00e4chige Zemente, Werkzeuge und technische Abbruchger\u00e4te<\/strong>.<\/p>\n\n\n\n<hr class=\"wp-block-separator has-alpha-channel-opacity\"\/>\n\n\n\n<h3 class=\"wp-block-heading\">2. Widerrufsrecht \u2013 14 Tage<\/h3>\n\n\n\n<p>Gem\u00e4\u00df den Bedingungen von <strong>Gesetzesdekret Nr. 24\/2014<\/strong>, Der Verbraucher hat eine Frist <strong>14 aufeinanderfolgende Tage<\/strong>, Sie haben ab dem Datum des Erhalts der Bestellung das Recht, ohne Angabe von Gr\u00fcnden vom Vertrag zur\u00fcckzutreten.<\/p>\n\n\n\n<p>Die Aus\u00fcbung dieses Rechts muss schriftlich an die angegebene E-Mail-Adresse mitgeteilt werden. <strong><a>geral@geotek.pt<\/a><\/strong>, durch eine unmissverst\u00e4ndliche Aussage, die die Bestellung identifiziert.<\/p>\n\n\n\n<hr class=\"wp-block-separator has-alpha-channel-opacity\"\/>\n\n\n\n<h3 class=\"wp-block-heading\">3. Bedingungen f\u00fcr die Annahme von R\u00fccksendungen<\/h3>\n\n\n\n<p>Damit eine R\u00fccksendung akzeptiert werden kann, muss das Produkt folgende Bedingungen erf\u00fcllen: <strong>kumulativ<\/strong> die folgenden Bedingungen:<\/p>\n\n\n\n<ul class=\"wp-block-list\">\n<li>Nicht benutzt<\/li>\n\n\n\n<li>In einwandfreiem Zustand sein.<\/li>\n\n\n\n<li>Die Originalverpackung muss unbesch\u00e4digt und unge\u00f6ffnet sein.<\/li>\n\n\n\n<li>Der entsprechende Kaufbeleg muss beigef\u00fcgt werden.<\/li>\n<\/ul>\n\n\n\n<hr class=\"wp-block-separator has-alpha-channel-opacity\"\/>\n\n\n\n<h3 class=\"wp-block-heading\">4. Ausnahmen vom R\u00fcckgaberecht<\/h3>\n\n\n\n<p>Gem\u00e4\u00df Artikel 17 des Gesetzesdekrets Nr. 24\/2014 werden R\u00fccksendungen in folgenden F\u00e4llen nicht akzeptiert:<\/p>\n\n\n\n<ul class=\"wp-block-list\">\n<li><strong>Expansionszemente<\/strong> dessen Verpackung ge\u00f6ffnet, besch\u00e4digt oder Feuchtigkeit ausgesetzt war, da es sich um ein hygroskopisches technisches Produkt handelt, dessen Unversehrtheit f\u00fcr Sicherheit und Leistung unerl\u00e4sslich ist.<\/li>\n\n\n\n<li><strong>Abbruchwerkzeuge und -ausr\u00fcstung<\/strong> mit Gebrauchs-, Montage-, Pr\u00fcf- oder Verschlei\u00dfspuren<\/li>\n\n\n\n<li>Produkte, die durch Missbrauch, Fahrl\u00e4ssigkeit oder unsachgem\u00e4\u00dfe Lagerung besch\u00e4digt wurden.<\/li>\n\n\n\n<li>Produkte, die au\u00dferhalb der gesetzlichen 14-t\u00e4gigen Frist zur\u00fcckgesendet werden.<\/li>\n<\/ul>\n\n\n\n<hr class=\"wp-block-separator has-alpha-channel-opacity\"\/>\n\n\n\n<h3 class=\"wp-block-heading\">5. R\u00fcckgabeverfahren<\/h3>\n\n\n\n<p>Nach vorheriger Kontaktaufnahme per E-Mail und Pr\u00fcfung der R\u00fcckgabeberechtigung muss der Kunde das Produkt an folgende Adresse senden:<\/p>\n\n\n\n<p><strong>PotencialAvulso Unipessoal Lda.<\/strong><br>Santo-Andr\u00e9-Stra\u00dfe, Nr. 1260<br>Einkaufszentrum Parque da Cidade \u2013 Store K, 2. Etage<br>4560-221 Penafiel \u2013 Portugal<\/p>\n\n\n\n<ul class=\"wp-block-list\">\n<li>Der Kunde tr\u00e4gt die Kosten f\u00fcr den R\u00fcckversand.<\/li>\n\n\n\n<li>Lieferungen per Nachnahme werden nicht akzeptiert.<\/li>\n<\/ul>\n\n\n\n<hr class=\"wp-block-separator has-alpha-channel-opacity\"\/>\n\n\n\n<h3 class=\"wp-block-heading\">6. R\u00fcckerstattungen<\/h3>\n\n\n\n<p>Nach Erhalt und technischer Pr\u00fcfung des zur\u00fcckgesendeten Produkts:<\/p>\n\n\n\n<ul class=\"wp-block-list\">\n<li>Die R\u00fcckerstattung wird \u00fcber <strong>dieselbe Zahlungsmethode wurde f\u00fcr den Kauf verwendet<\/strong><\/li>\n\n\n\n<li>Die maximale Bearbeitungszeit f\u00fcr eine R\u00fcckerstattung betr\u00e4gt <strong>14 Tage<\/strong><\/li>\n\n\n\n<li>Folgende Betr\u00e4ge k\u00f6nnen abgezogen werden. <strong>Produktabschreibung<\/strong>, f\u00fcr den Fall, dass eine unsachgem\u00e4\u00dfe Handhabung festgestellt wird.<\/li>\n<\/ul>\n\n\n\n<p>Entspricht das Produkt nicht den oben beschriebenen Bedingungen, wird die R\u00fcckgabe abgelehnt und der Artikel an den Kunden zur\u00fcckgeschickt.<\/p>\n\n\n\n<hr class=\"wp-block-separator has-alpha-channel-opacity\"\/>\n\n\n\n<h3 class=\"wp-block-heading\">7. Mangelhafte Produkte oder Transportsch\u00e4den<\/h3>\n\n\n\n<p>Ersatz oder R\u00fcckerstattung erfolgen nur in folgenden F\u00e4llen:<\/p>\n\n\n\n<ul class=\"wp-block-list\">\n<li><strong>Nachgewiesener Herstellungsfehler<\/strong>, oder<\/li>\n\n\n\n<li><strong>Transportsch\u00e4den<\/strong>, innerhalb eines maximalen Zeitraums von <strong>48 Stunden nach Erhalt<\/strong>, begleitet von fotografischer Dokumentation<\/li>\n<\/ul>\n\n\n\n<hr class=\"wp-block-separator has-alpha-channel-opacity\"\/>\n\n\n\n<h3 class=\"wp-block-heading\">8. Versandkosten<\/h3>\n\n\n\n<ul class=\"wp-block-list\">\n<li>Die mit der R\u00fccksendung verbundenen Versandkosten tr\u00e4gt der Kunde.<\/li>\n\n\n\n<li>Die anf\u00e4nglichen Versandkosten werden nicht erstattet, au\u00dfer im Falle von Fehlern, die dem Shop zuzuschreiben sind.<\/li>\n<\/ul>\n\n\n\n<hr class=\"wp-block-separator has-alpha-channel-opacity\"\/>\n\n\n\n<h3 class=\"wp-block-heading\">9. Datenschutz (DSGVO)<\/h3>\n\n\n\n<p>Personenbezogene Daten, die im Zusammenhang mit R\u00fccksendungen und R\u00fcckerstattungen erhoben werden, werden ausschlie\u00dflich zu Zwecken der Gesch\u00e4ftsverwaltung gem\u00e4\u00df den Bestimmungen von [Name der Datenschutzbeh\u00f6rde] verarbeitet. <strong>Verordnung (EU) 2016\/679 (DSGVO)<\/strong>.<br>Die betroffene Person kann ihre gesetzlichen Rechte per E-Mail aus\u00fcben. <strong><a>geral@geotek.pt<\/a><\/strong>.<\/p>\n\n\n\n<hr class=\"wp-block-separator has-alpha-channel-opacity\"\/>\n\n\n\n<h3 class=\"wp-block-heading\">10. Kontakte<\/h3>\n\n\n\n<p>Weitere Informationen zu R\u00fcckgabe und Erstattung:<\/p>\n\n\n\n<p>\ud83d\udce7 <strong><a>geral@geotek.pt<\/a><\/strong><br>\ud83d\udcde <strong>+351 924 267 640<\/strong><\/p>","protected":false},"excerpt":{"rendered":"<p>1. \u00c2mbito A presente pol\u00edtica aplica-se a todas as compras efetuadas atrav\u00e9s da loja online demolir.store, especializada na venda de cimentos expansivos, ferramentas e equipamentos t\u00e9cnicos de demoli\u00e7\u00e3o. 2. Direito de Livre Resolu\u00e7\u00e3o \u2014 14 dias Nos termos do Decreto-Lei n.\u00ba 24\/2014, o consumidor disp\u00f5e de um prazo de 14 dias consecutivos, a contar da data de rece\u00e7\u00e3o da encomenda, para exercer o direito de livre resolu\u00e7\u00e3o do contrato, sem necessidade de indicar qualquer motivo. O exerc\u00edcio deste direito deve ser comunicado por escrito para o e-mail geral@geotek.pt, atrav\u00e9s de uma declara\u00e7\u00e3o inequ\u00edvoca que identifique a encomenda. 3. Condi\u00e7\u00f5es para Aceita\u00e7\u00e3o da Devolu\u00e7\u00e3o Para que a devolu\u00e7\u00e3o seja aceite, o&hellip; <a class=\"read-more\" href=\"https:\/\/demolir.store\/de\/ruckgabe-und-erstattungsrichtlinie\/\">Mehr Lesen<\/a><\/p>","protected":false},"author":1,"featured_media":0,"parent":0,"menu_order":0,"comment_status":"closed","ping_status":"closed","template":"","meta":{"footnotes":""},"class_list":["post-1405","page","type-page","status-publish","hentry"],"aioseo_notices":[],"_links":{"self":[{"href":"https:\/\/demolir.store\/de\/wp-json\/wp\/v2\/pages\/1405","targetHints":{"allow":["GET"]}}],"collection":[{"href":"https:\/\/demolir.store\/de\/wp-json\/wp\/v2\/pages"}],"about":[{"href":"https:\/\/demolir.store\/de\/wp-json\/wp\/v2\/types\/page"}],"author":[{"embeddable":true,"href":"https:\/\/demolir.store\/de\/wp-json\/wp\/v2\/users\/1"}],"replies":[{"embeddable":true,"href":"https:\/\/demolir.store\/de\/wp-json\/wp\/v2\/comments?post=1405"}],"version-history":[{"count":1,"href":"https:\/\/demolir.store\/de\/wp-json\/wp\/v2\/pages\/1405\/revisions"}],"predecessor-version":[{"id":1672,"href":"https:\/\/demolir.store\/de\/wp-json\/wp\/v2\/pages\/1405\/revisions\/1672"}],"wp:attachment":[{"href":"https:\/\/demolir.store\/de\/wp-json\/wp\/v2\/media?parent=1405"}],"curies":[{"name":"wp","href":"https:\/\/api.w.org\/{rel}","templated":true}]}}