{"id":3,"date":"2021-06-28T18:37:12","date_gmt":"2021-06-28T18:37:12","guid":{"rendered":"https:\/\/demolir.store\/?page_id=3"},"modified":"2021-07-30T10:00:47","modified_gmt":"2021-07-30T09:00:47","slug":"politica-privacidade","status":"publish","type":"page","link":"https:\/\/demolir.store\/de\/datenschutzrichtlinie\/","title":{"rendered":"Datenschutzrichtlinie"},"content":{"rendered":"<h2 class=\"wp-block-heading\">Wer wir sind<\/h2>\n\n\n\n<p>Unsere Website-Adresse lautet: https:\/\/demolir.store.<\/p>\n\n\n\n<h2 class=\"wp-block-heading\">Kommentare<\/h2>\n\n\n\n<p>Wenn Besucher Kommentare auf der Website hinterlassen, werden die im Kommentarformular angezeigten Daten sowie die IP-Adresse und der Browser-User-Agent-String des Besuchers erfasst, um die Spam-Erkennung zu unterst\u00fctzen.<\/p>\n\n\n\n<p>Eine anonymisierte Zeichenfolge, die aus Ihrer E-Mail-Adresse erstellt wird (auch Hash genannt), kann an den Gravatar-Dienst \u00fcbermittelt werden, um zu pr\u00fcfen, ob Sie diesen nutzen. Die Datenschutzrichtlinie von Gravatar finden Sie hier: https:\/\/automattic.com\/privacy\/. Nach Freigabe Ihres Kommentars ist Ihr Profilbild im Kontext Ihres Kommentars \u00f6ffentlich sichtbar.<\/p>\n\n\n\n<h2 class=\"wp-block-heading\">Multimedia<\/h2>\n\n\n\n<p>Beim Hochladen von Bildern auf die Website sollten Sie darauf achten, keine Bilder mit eingebetteten Geodaten (EXIF-GPS) hochzuladen. Besucher k\u00f6nnen diese Geodaten aus den Bildern extrahieren.<\/p>\n\n\n\n<h2 class=\"wp-block-heading\">Cookies<\/h2>\n\n\n\n<p>Wenn Sie einen Kommentar auf unserer Website hinterlassen, k\u00f6nnen Sie Ihren Namen, Ihre E-Mail-Adresse und Ihre Website-Adresse in Cookies speichern lassen. Dies dient Ihrem Komfort, damit Sie Ihre Daten nicht erneut eingeben m\u00fcssen, wenn Sie einen weiteren Kommentar hinterlassen. Diese Cookies sind ein Jahr lang g\u00fcltig.<\/p>\n\n\n\n<p>Beim Besuch der Anmeldeseite wird ein tempor\u00e4rer Cookie gesetzt, um festzustellen, ob Ihr Browser Cookies akzeptiert. Dieser Cookie enth\u00e4lt keine personenbezogenen Daten und wird beim Schlie\u00dfen des Browsers gel\u00f6scht.<\/p>\n\n\n\n<p>Beim Anmelden werden Cookies gesetzt, um Ihre Anmeldeinformationen und Bildschirmeinstellungen zu speichern. Anmelde-Cookies sind ein Jahr lang g\u00fcltig. Wenn Sie \u201cAngemeldet bleiben\u201d ausw\u00e4hlen, bleiben Sie zwei Wochen lang angemeldet. Beim Abmelden werden die Anmelde-Cookies gel\u00f6scht.<\/p>\n\n\n\n<p>Wenn Sie einen Artikel bearbeiten oder ver\u00f6ffentlichen, wird ein zus\u00e4tzlicher Cookie in Ihrem Browser gespeichert. Dieser Cookie enth\u00e4lt keine personenbezogenen Daten; er speichert lediglich die Inhalts-ID des bearbeiteten Artikels. Er l\u00e4uft nach einem Tag ab.<\/p>\n\n\n\n<h2 class=\"wp-block-heading\">Eingebettete Inhalte von anderen Websites<\/h2>\n\n\n\n<p>Artikel auf dieser Website k\u00f6nnen eingebettete Inhalte (z. B. Videos, Bilder, Artikel usw.) enthalten. Eingebettete Inhalte von anderen Websites verhalten sich so, als ob der Nutzer diese Websites direkt besucht h\u00e4tte.<\/p>\n\n\n\n<p>Diese Website kann Daten \u00fcber Sie sammeln, Cookies verwenden, Tracking-Technologien von Drittanbietern einbinden und Ihre Interaktionen mit der Website \u00fcberwachen, einschlie\u00dflich der Aufzeichnung von Interaktionen mit eingebetteten Inhalten, wenn Sie ein Konto besitzen und auf der Website angemeldet sind.<\/p>\n\n\n\n<h2 class=\"wp-block-heading\">An wen Ihre Daten weitergegeben werden.<\/h2>\n\n\n\n<p>Wenn Sie eine Passwortzur\u00fccksetzung anfordern, wird Ihre IP-Adresse in die E-Mail zur Passwortzur\u00fccksetzung aufgenommen.<\/p>\n\n\n\n<h2 class=\"wp-block-heading\">Wie lange werden Ihre Daten aufbewahrt?<\/h2>\n\n\n\n<p>Wenn Sie einen Kommentar hinterlassen, werden dieser und seine Metadaten dauerhaft gespeichert. So k\u00f6nnen wir Folgekommentare automatisch erkennen und freigeben, anstatt sie in einer Moderationswarteschlange zu speichern.<\/p>\n\n\n\n<p>F\u00fcr Nutzer, die sich auf unserer Website registrieren (sofern vorhanden), speichern wir die von ihnen angegebenen pers\u00f6nlichen Daten in ihrem Nutzerprofil. Alle Nutzer k\u00f6nnen ihre pers\u00f6nlichen Daten jederzeit einsehen, bearbeiten oder l\u00f6schen (mit Ausnahme des Benutzernamens). Website-Administratoren k\u00f6nnen diese Daten ebenfalls einsehen und bearbeiten.<\/p>\n\n\n\n<h2 class=\"wp-block-heading\">Welche Rechte haben Sie an Ihren Daten?<\/h2>\n\n\n\n<p>Wenn Sie ein Konto auf dieser Website haben oder Kommentare hinterlassen haben, k\u00f6nnen Sie eine Exportdatei mit Ihren gespeicherten personenbezogenen Daten anfordern, einschlie\u00dflich aller von Ihnen angegebenen Daten. Sie k\u00f6nnen auch die L\u00f6schung dieser Daten beantragen. Dies gilt nicht f\u00fcr personenbezogene Daten, die aus administrativen, rechtlichen oder Sicherheitsgr\u00fcnden aufbewahrt werden m\u00fcssen.<\/p>\n\n\n\n<h2 class=\"wp-block-heading\">Wohin Ihre Daten gesendet werden<\/h2>\n\n\n\n<p>Besucherkommentare k\u00f6nnen durch einen automatisierten Spam-Erkennungsdienst \u00fcberpr\u00fcft werden.<\/p>","protected":false},"excerpt":{"rendered":"<p>Quem somos O endere\u00e7o do nosso site \u00e9: https:\/\/demolir.store. Coment\u00e1rios Quando os visitantes deixam coment\u00e1rios no site, s\u00e3o guardados os dados presentes no formul\u00e1rio dos coment\u00e1rios, bem como o endere\u00e7o de IP e o agente do utilizador do navegador, para ajudar com a detec\u00e7\u00e3o de spam. Uma string an\u00f3nima criada a partir do seu endere\u00e7o de email (tamb\u00e9m designada por hash) pode ser enviada para o servi\u00e7o Gravatar para verificar se o est\u00e1 a utilizar. A pol\u00edtica de privacidade do servi\u00e7o Gravatar est\u00e1 dispon\u00edvel aqui: https:\/\/automattic.com\/privacy\/. Depois do seu coment\u00e1rio ser aprovado, a fotografia do ser perfil fica vis\u00edvel para o p\u00fablico no contexto do seu coment\u00e1rio. Multim\u00e9dia Ao carregar&hellip; <a class=\"read-more\" href=\"https:\/\/demolir.store\/de\/datenschutzrichtlinie\/\">Mehr Lesen<\/a><\/p>","protected":false},"author":1,"featured_media":0,"parent":0,"menu_order":0,"comment_status":"closed","ping_status":"closed","template":"","meta":{"footnotes":""},"class_list":["post-3","page","type-page","status-publish","hentry"],"aioseo_notices":[],"_links":{"self":[{"href":"https:\/\/demolir.store\/de\/wp-json\/wp\/v2\/pages\/3","targetHints":{"allow":["GET"]}}],"collection":[{"href":"https:\/\/demolir.store\/de\/wp-json\/wp\/v2\/pages"}],"about":[{"href":"https:\/\/demolir.store\/de\/wp-json\/wp\/v2\/types\/page"}],"author":[{"embeddable":true,"href":"https:\/\/demolir.store\/de\/wp-json\/wp\/v2\/users\/1"}],"replies":[{"embeddable":true,"href":"https:\/\/demolir.store\/de\/wp-json\/wp\/v2\/comments?post=3"}],"version-history":[{"count":1,"href":"https:\/\/demolir.store\/de\/wp-json\/wp\/v2\/pages\/3\/revisions"}],"predecessor-version":[{"id":1313,"href":"https:\/\/demolir.store\/de\/wp-json\/wp\/v2\/pages\/3\/revisions\/1313"}],"wp:attachment":[{"href":"https:\/\/demolir.store\/de\/wp-json\/wp\/v2\/media?parent=3"}],"curies":[{"name":"wp","href":"https:\/\/api.w.org\/{rel}","templated":true}]}}