{"id":1006,"date":"2021-06-29T14:24:34","date_gmt":"2021-06-29T13:24:34","guid":{"rendered":"https:\/\/demolir.store\/produto\/produto-75\/"},"modified":"2025-02-28T11:51:34","modified_gmt":"2025-02-28T11:51:34","slug":"enraiadeira-de-16-m","status":"publish","type":"product","link":"https:\/\/demolir.store\/de\/produkt\/16-m-rechen\/","title":{"rendered":"1,6 m Rechen"},"content":{"rendered":"<p><strong>[PT]<\/strong><\/p>\n<p>As enraiadeiras podem ser usadas por equipamentos de perfura\u00e7\u00e3o pneum\u00e1tica e hidr\u00e1ulica.<\/p>\n<p>A enraiadeira \u00e9 utilizada para definir uma linha preferencial de corte, pela execu\u00e7\u00e3o de dois sulcos ao longo do furo previamente efetuado. Posteriormente, na coloca\u00e7\u00e3o de p\u00f3lvora no interior do furo, os gases provinientes do deflagramento ir\u00e3o ser encaminhados maioritariamente para os sulcos efetuados pela enraiadeira, fraturando a rocha na dire\u00e7\u00e3o desejada.<\/p>\n<p>Ao contr\u00e1rio das barrenas c\u00f3nicas que t\u00eam um encabadouro hexagonal e s\u00e3o de perfura\u00e7\u00e3o rotativa, as enraiadeiras s\u00e3o apenas operadas com percurs\u00e3o, possuindo assim um encabadouro redondo.<\/p>\n<p><strong>Tamanho:<\/strong> 1,6 metros<\/p>\n<p><strong>Encabadouro: <\/strong>O22 108mm<\/p>\n<p><strong>[EN]<\/strong><\/p>\n<p>These rock splitters can be used by pneumatic and hydraulic drilling equipment.<\/p>\n<p>It is used to define a preferential cutting line by making two grooves along the previously drilled hole. Later, when gunpowder is placed inside the borehole, the gases from the deflagration are mostly directed into the grooves made by the rock drill, fracturing the rock in the desired direction.<\/p>\n<p>Unlike conical drills, which have a hexagonal shank and rotary drilling, rock drills are only operated with percussion and therefore have a rounded shank.<\/p>\n<p><strong>Length:<\/strong> 1,6 meters<\/p>\n<p><strong>Shank:<\/strong> O22 108mm<\/p>\n","protected":false},"excerpt":{"rendered":"<p>[PT] As enraiadeiras podem ser usadas por equipamentos de perfura\u00e7\u00e3o pneum\u00e1tica e hidr\u00e1ulica. A enraiadeira \u00e9 utilizada para definir uma linha preferencial de corte, pela execu\u00e7\u00e3o de dois sulcos ao longo do furo previamente efetuado. Posteriormente, na coloca\u00e7\u00e3o de p\u00f3lvora no interior do furo, os gases provinientes do deflagramento ir\u00e3o ser encaminhados maioritariamente para os sulcos efetuados pela enraiadeira, fraturando a rocha na dire\u00e7\u00e3o desejada. Ao contr\u00e1rio das barrenas c\u00f3nicas que t\u00eam um encabadouro hexagonal e s\u00e3o de perfura\u00e7\u00e3o rotativa, as enraiadeiras s\u00e3o apenas operadas com percurs\u00e3o, possuindo assim um encabadouro redondo. Tamanho: 1,6 metros Encabadouro: O22 108mm [EN] These rock splitters can be used by pneumatic and hydraulic drilling&hellip; <a class=\"read-more\" href=\"https:\/\/demolir.store\/de\/produkt\/16-m-rechen\/\">Mehr Lesen<\/a><\/p>\n","protected":false},"featured_media":1323,"template":"","meta":[],"product_brand":[],"product_cat":[46],"product_tag":[],"class_list":{"0":"post-1006","1":"product","2":"type-product","3":"status-publish","4":"has-post-thumbnail","6":"product_cat-brocas-barrenas","8":"first","9":"instock","10":"taxable","11":"shipping-taxable","12":"purchasable","13":"product-type-simple"},"aioseo_notices":[],"_links":{"self":[{"href":"https:\/\/demolir.store\/de\/wp-json\/wp\/v2\/product\/1006","targetHints":{"allow":["GET"]}}],"collection":[{"href":"https:\/\/demolir.store\/de\/wp-json\/wp\/v2\/product"}],"about":[{"href":"https:\/\/demolir.store\/de\/wp-json\/wp\/v2\/types\/product"}],"wp:featuredmedia":[{"embeddable":true,"href":"https:\/\/demolir.store\/de\/wp-json\/wp\/v2\/media\/1323"}],"wp:attachment":[{"href":"https:\/\/demolir.store\/de\/wp-json\/wp\/v2\/media?parent=1006"}],"wp:term":[{"taxonomy":"product_brand","embeddable":true,"href":"https:\/\/demolir.store\/de\/wp-json\/wp\/v2\/product_brand?post=1006"},{"taxonomy":"product_cat","embeddable":true,"href":"https:\/\/demolir.store\/de\/wp-json\/wp\/v2\/product_cat?post=1006"},{"taxonomy":"product_tag","embeddable":true,"href":"https:\/\/demolir.store\/de\/wp-json\/wp\/v2\/product_tag?post=1006"}],"curies":[{"name":"wp","href":"https:\/\/api.w.org\/{rel}","templated":true}]}}