{"id":809,"date":"2021-06-29T14:21:42","date_gmt":"2021-06-29T13:21:42","guid":{"rendered":"https:\/\/demolir.store\/produto\/adaptadores-r25-22x108-c-800mm-duromin\/"},"modified":"2021-08-09T13:51:35","modified_gmt":"2021-08-09T12:51:35","slug":"barrena-roscada-r25-hex-h22-080m","status":"publish","type":"product","link":"https:\/\/demolir.store\/de\/produkt\/barrena-r25-sechskantgewinde-h22-080m\/","title":{"rendered":"Barrena R25 Sechskant-Gewindeschraube H22 0,80 m"},"content":{"rendered":"<p>Gewindebohrschaft. (Schaftstange)<\/p>\n<p>Hierbei handelt es sich um Drehbohrwerkzeuge mit einer Gewindespitze, die f\u00fcr einen sichereren Sitz des Bohrers sorgt.<\/p>\n<p><strong>Gr\u00f6\u00dfe: <\/strong>0,80 Meter<\/p>\n<p><strong>Schaft: <\/strong>HEX H22<\/p>\n<p><b>Gewindeart<\/b><strong>:<\/strong> R25<\/p>\n<p><strong>Qualit\u00e4t:\u00a0<\/strong>A<\/p>","protected":false},"excerpt":{"rendered":"<p>Barrena de perfura\u00e7\u00e3o Roscada. (Shank Rod) S\u00e3o equipamentos de perfura\u00e7\u00e3o rotativa e possuem uma ponta roscada, que permite ao bit ter um encaixe mais s\u00f3lido. Tamanho: 0.80 metros Encabadouro: HEX H22 Tipo da Rosca: R25 Qualidade:\u00a0A<\/p>","protected":false},"featured_media":170,"template":"","meta":[],"product_brand":[],"product_cat":[46],"product_tag":[],"class_list":{"0":"post-809","1":"product","2":"type-product","3":"status-publish","4":"has-post-thumbnail","6":"product_cat-brocas-barrenas","8":"first","9":"instock","10":"taxable","11":"shipping-taxable","12":"purchasable","13":"product-type-simple"},"aioseo_notices":[],"_links":{"self":[{"href":"https:\/\/demolir.store\/de\/wp-json\/wp\/v2\/product\/809","targetHints":{"allow":["GET"]}}],"collection":[{"href":"https:\/\/demolir.store\/de\/wp-json\/wp\/v2\/product"}],"about":[{"href":"https:\/\/demolir.store\/de\/wp-json\/wp\/v2\/types\/product"}],"wp:featuredmedia":[{"embeddable":true,"href":"https:\/\/demolir.store\/de\/wp-json\/wp\/v2\/media\/170"}],"wp:attachment":[{"href":"https:\/\/demolir.store\/de\/wp-json\/wp\/v2\/media?parent=809"}],"wp:term":[{"taxonomy":"product_brand","embeddable":true,"href":"https:\/\/demolir.store\/de\/wp-json\/wp\/v2\/product_brand?post=809"},{"taxonomy":"product_cat","embeddable":true,"href":"https:\/\/demolir.store\/de\/wp-json\/wp\/v2\/product_cat?post=809"},{"taxonomy":"product_tag","embeddable":true,"href":"https:\/\/demolir.store\/de\/wp-json\/wp\/v2\/product_tag?post=809"}],"curies":[{"name":"wp","href":"https:\/\/api.w.org\/{rel}","templated":true}]}}