{"id":817,"date":"2021-06-29T14:21:48","date_gmt":"2021-06-29T13:21:48","guid":{"rendered":"https:\/\/demolir.store\/produto\/barrenas-roc-t45-366-metros\/"},"modified":"2021-08-09T12:24:54","modified_gmt":"2021-08-09T11:24:54","slug":"barrenas-roc-t45-366-metros","status":"publish","type":"product","link":"https:\/\/demolir.store\/de\/produkt\/barrenas-roc-t45-366-meter\/","title":{"rendered":"Barrenas ROC T45 (M\/M) 3,66 Meter"},"content":{"rendered":"<p>Bohrgest\u00e4nge f\u00fcr Tunnelbau, Langstreckenbohrungen.<\/p>\n<p>M\u00e4nnliche Stangenadapter eignen sich im Allgemeinen f\u00fcr Drift-, Tunnel- und Verl\u00e4ngerungsanwendungen, bei denen hohe Belastungen auftreten.<\/p>\n<p><strong>Verbindung:<\/strong> m\u00e4nnlich\/m\u00e4nnlich (M\/M).<\/p>\n<p><strong>Gr\u00f6\u00dfe:<\/strong> 3,66 Meter<\/p>\n<p><strong>Beschlag:<\/strong> T45<\/p>","protected":false},"excerpt":{"rendered":"<p>Bohrgest\u00e4nge f\u00fcr Tunnelbau und Langstreckenbohrungen. Die Gewindeadapter mit Au\u00dfengewinde eignen sich generell f\u00fcr Vortriebs-, Tunnel- und Verl\u00e4ngerungsbohrungen unter hohen Belastungen. Anschluss: Au\u00dfengewinde\/Au\u00dfengewinde (M\/M). L\u00e4nge: 3,66 Meter. Gewinde: T45<\/p>","protected":false},"featured_media":74,"template":"","meta":[],"product_brand":[],"product_cat":[46],"product_tag":[],"class_list":{"0":"post-817","1":"product","2":"type-product","3":"status-publish","4":"has-post-thumbnail","6":"product_cat-brocas-barrenas","8":"first","9":"instock","10":"taxable","11":"shipping-taxable","12":"purchasable","13":"product-type-simple"},"aioseo_notices":[],"_links":{"self":[{"href":"https:\/\/demolir.store\/de\/wp-json\/wp\/v2\/product\/817","targetHints":{"allow":["GET"]}}],"collection":[{"href":"https:\/\/demolir.store\/de\/wp-json\/wp\/v2\/product"}],"about":[{"href":"https:\/\/demolir.store\/de\/wp-json\/wp\/v2\/types\/product"}],"wp:featuredmedia":[{"embeddable":true,"href":"https:\/\/demolir.store\/de\/wp-json\/wp\/v2\/media\/74"}],"wp:attachment":[{"href":"https:\/\/demolir.store\/de\/wp-json\/wp\/v2\/media?parent=817"}],"wp:term":[{"taxonomy":"product_brand","embeddable":true,"href":"https:\/\/demolir.store\/de\/wp-json\/wp\/v2\/product_brand?post=817"},{"taxonomy":"product_cat","embeddable":true,"href":"https:\/\/demolir.store\/de\/wp-json\/wp\/v2\/product_cat?post=817"},{"taxonomy":"product_tag","embeddable":true,"href":"https:\/\/demolir.store\/de\/wp-json\/wp\/v2\/product_tag?post=817"}],"curies":[{"name":"wp","href":"https:\/\/api.w.org\/{rel}","templated":true}]}}