{"id":852,"date":"2021-06-29T14:22:20","date_gmt":"2021-06-29T13:22:20","guid":{"rendered":"https:\/\/demolir.store\/produto\/enraiadeira-palbit\/"},"modified":"2021-08-02T10:32:49","modified_gmt":"2021-08-02T09:32:49","slug":"enraiadeira-de-080m","status":"publish","type":"product","link":"https:\/\/demolir.store\/de\/produkt\/080m-rechenmaschine\/","title":{"rendered":"0,80 m Rechen"},"content":{"rendered":"<p>Mit dem Nutenfr\u00e4ser werden Nuten in die von den Steinbl\u00f6cken vorgebohrten L\u00f6cher eingearbeitet, um die Bruchlinie der Steinbl\u00f6cke zu &quot;f\u00fchren&quot; und so deren Trennung zu erleichtern.<\/p>\n<p>Die Rechenmaschine funktioniert nur mit Schlagkraft; eine Drehbewegung ist ausgeschlossen.<\/p>\n<p><strong>Gr\u00f6\u00dfe:<\/strong> 0,80 Meter<\/p>\n<p><strong>Schaft: <\/strong>O22 108mm<\/p>","protected":false},"excerpt":{"rendered":"<p>A enraiadeira serve para criar sulcos nos furos pr\u00e9-executados pelas Barrenas, tendo como objetivo &#8220;orientar&#8221; a linha de quebra dos blocos de pedra facilitando a sua separa\u00e7\u00e3o. A enraiadeira trabalha somente com percuss\u00e3o, nunca pode existir movimento de rota\u00e7\u00e3o. Tamanho: 0.80 metros Encabadouro: O22 108mm<\/p>","protected":false},"featured_media":1323,"template":"","meta":[],"product_brand":[],"product_cat":[46],"product_tag":[],"class_list":{"0":"post-852","1":"product","2":"type-product","3":"status-publish","4":"has-post-thumbnail","6":"product_cat-brocas-barrenas","8":"first","9":"instock","10":"taxable","11":"shipping-taxable","12":"purchasable","13":"product-type-simple"},"aioseo_notices":[],"_links":{"self":[{"href":"https:\/\/demolir.store\/de\/wp-json\/wp\/v2\/product\/852","targetHints":{"allow":["GET"]}}],"collection":[{"href":"https:\/\/demolir.store\/de\/wp-json\/wp\/v2\/product"}],"about":[{"href":"https:\/\/demolir.store\/de\/wp-json\/wp\/v2\/types\/product"}],"wp:featuredmedia":[{"embeddable":true,"href":"https:\/\/demolir.store\/de\/wp-json\/wp\/v2\/media\/1323"}],"wp:attachment":[{"href":"https:\/\/demolir.store\/de\/wp-json\/wp\/v2\/media?parent=852"}],"wp:term":[{"taxonomy":"product_brand","embeddable":true,"href":"https:\/\/demolir.store\/de\/wp-json\/wp\/v2\/product_brand?post=852"},{"taxonomy":"product_cat","embeddable":true,"href":"https:\/\/demolir.store\/de\/wp-json\/wp\/v2\/product_cat?post=852"},{"taxonomy":"product_tag","embeddable":true,"href":"https:\/\/demolir.store\/de\/wp-json\/wp\/v2\/product_tag?post=852"}],"curies":[{"name":"wp","href":"https:\/\/api.w.org\/{rel}","templated":true}]}}