{"id":855,"date":"2021-06-29T14:22:22","date_gmt":"2021-06-29T13:22:22","guid":{"rendered":"https:\/\/demolir.store\/produto\/ligacao-abracadeira-1-2-sl-29\/"},"modified":"2021-07-28T15:26:30","modified_gmt":"2021-07-28T14:26:30","slug":"ligacao-abracadeira-1-2-sl-29","status":"publish","type":"product","link":"https:\/\/demolir.store\/de\/produkt\/verbindungsklemme-1-2-sl-29\/","title":{"rendered":"3\/4-Zoll-Klemmanschluss"},"content":{"rendered":"<p>Schlauchschelle f\u00fcr Schl\u00e4uche mit 3\/4 Zoll Durchmesser.<\/p>\n<p>Es verf\u00fcgt \u00fcber eine Funktion, die Ihre Sicherheit erh\u00f6ht.<\/p>\n<p>&nbsp;<\/p>","protected":false},"excerpt":{"rendered":"<p>Schlauchschelle f\u00fcr Schl\u00e4uche mit 3\/4 Zoll Durchmesser. Verf\u00fcgt \u00fcber ein Sicherheitsmerkmal. &nbsp;<\/p>","protected":false},"featured_media":1230,"template":"","meta":[],"product_brand":[],"product_cat":[44],"product_tag":[],"class_list":{"0":"post-855","1":"product","2":"type-product","3":"status-publish","4":"has-post-thumbnail","6":"product_cat-acessorios","8":"first","9":"instock","10":"taxable","11":"shipping-taxable","12":"purchasable","13":"product-type-simple"},"aioseo_notices":[],"_links":{"self":[{"href":"https:\/\/demolir.store\/de\/wp-json\/wp\/v2\/product\/855","targetHints":{"allow":["GET"]}}],"collection":[{"href":"https:\/\/demolir.store\/de\/wp-json\/wp\/v2\/product"}],"about":[{"href":"https:\/\/demolir.store\/de\/wp-json\/wp\/v2\/types\/product"}],"wp:featuredmedia":[{"embeddable":true,"href":"https:\/\/demolir.store\/de\/wp-json\/wp\/v2\/media\/1230"}],"wp:attachment":[{"href":"https:\/\/demolir.store\/de\/wp-json\/wp\/v2\/media?parent=855"}],"wp:term":[{"taxonomy":"product_brand","embeddable":true,"href":"https:\/\/demolir.store\/de\/wp-json\/wp\/v2\/product_brand?post=855"},{"taxonomy":"product_cat","embeddable":true,"href":"https:\/\/demolir.store\/de\/wp-json\/wp\/v2\/product_cat?post=855"},{"taxonomy":"product_tag","embeddable":true,"href":"https:\/\/demolir.store\/de\/wp-json\/wp\/v2\/product_tag?post=855"}],"curies":[{"name":"wp","href":"https:\/\/api.w.org\/{rel}","templated":true}]}}