{"id":859,"date":"2021-06-29T14:22:25","date_gmt":"2021-06-29T13:22:25","guid":{"rendered":"https:\/\/demolir.store\/produto\/lubrificador-de-linha\/"},"modified":"2025-06-30T14:37:57","modified_gmt":"2025-06-30T13:37:57","slug":"lubrificador-de-linha-15lt","status":"publish","type":"product","link":"https:\/\/demolir.store\/de\/produkt\/15-liter-leitungsschmiergerat\/","title":{"rendered":"Pneumatischer Leitungsschmierer 1,5 l"},"content":{"rendered":"<p><strong>[PT]<\/strong><\/p>\n<p>O <strong>lubrificador de linha pneum\u00e1tica<\/strong> \u00e9 um dispositivo que \u00e9 instalado numa linha de ar comprimido cuja finalidade \u00e9 lubrificar ferramentas pneum\u00e1ticas assegurando assim um bom funcionamento dos equipamentos, p\/ex: martelo pneum\u00e1tico.<\/p>\n<p>O <strong>lubrificador de linha pneum\u00e1tica<\/strong> evita a deteriora\u00e7\u00e3o dos equipamentos pneum\u00e1ticos ou a obstru\u00e7\u00e3o da passagem dos gases, fornecendo quantidades ideais de \u00f3leo lubrificante \u00e0s pe\u00e7as que entram em contacto direto com o ar.<\/p>\n<p>O ar comprimido passa por uma s\u00e9rie de v\u00e1lvulas e pe\u00e7as dentro do dispositivo, garantindo o bom funcionamento da m\u00e1quina. O m\u00e9todo mais utilizado neste tipo de equipamento \u00e9 a dosagem lubrificante, processo que consiste em transformar o \u00f3leo numa n\u00e9voa, utilizando um pulverizador localizado na passagem do l\u00edquido.<\/p>\n<p><strong>[EN]<\/strong><\/p>\n<p>The pneumatic line lubricator is a device installed in a compressed air line designed to lubricate pneumatic tools, guaranteeing proper functioning of the equipment, e.g. pneumatic hammer.<\/p>\n<p>The pneumatic line lubricator prevents pneumatic equipment from deteriorating or obstructing the passage of gases by supplying optimum quantities of lubricating oil to the parts that are in direct contact with the air.<\/p>\n<p>The compressed air passes through a series of valves and parts inside the device, ensuring that the equipment works properly. The method most commonly used in this type of equipment is lubricant dosing, a process which consists of turning the oil into a mist using a pulveriser located in the liquid passage.<\/p>\n","protected":false},"excerpt":{"rendered":"<p>[PT] O lubrificador de linha pneum\u00e1tica \u00e9 um dispositivo que \u00e9 instalado numa linha de ar comprimido cuja finalidade \u00e9 lubrificar ferramentas pneum\u00e1ticas assegurando assim um bom funcionamento dos equipamentos, p\/ex: martelo pneum\u00e1tico. O lubrificador de linha pneum\u00e1tica evita a deteriora\u00e7\u00e3o dos equipamentos pneum\u00e1ticos ou a obstru\u00e7\u00e3o da passagem dos gases, fornecendo quantidades ideais de \u00f3leo lubrificante \u00e0s pe\u00e7as que entram em contacto direto com o ar. O ar comprimido passa por uma s\u00e9rie de v\u00e1lvulas e pe\u00e7as dentro do dispositivo, garantindo o bom funcionamento da m\u00e1quina. O m\u00e9todo mais utilizado neste tipo de equipamento \u00e9 a dosagem lubrificante, processo que consiste em transformar o \u00f3leo numa n\u00e9voa, utilizando um&hellip; <a class=\"read-more\" href=\"https:\/\/demolir.store\/de\/produkt\/15-liter-leitungsschmiergerat\/\">Mehr Lesen<\/a><\/p>\n","protected":false},"featured_media":1492,"template":"","meta":[],"product_brand":[],"product_cat":[44],"product_tag":[],"class_list":{"0":"post-859","1":"product","2":"type-product","3":"status-publish","4":"has-post-thumbnail","6":"product_cat-acessorios","8":"first","9":"instock","10":"taxable","11":"shipping-taxable","12":"purchasable","13":"product-type-simple"},"aioseo_notices":[],"_links":{"self":[{"href":"https:\/\/demolir.store\/de\/wp-json\/wp\/v2\/product\/859","targetHints":{"allow":["GET"]}}],"collection":[{"href":"https:\/\/demolir.store\/de\/wp-json\/wp\/v2\/product"}],"about":[{"href":"https:\/\/demolir.store\/de\/wp-json\/wp\/v2\/types\/product"}],"wp:featuredmedia":[{"embeddable":true,"href":"https:\/\/demolir.store\/de\/wp-json\/wp\/v2\/media\/1492"}],"wp:attachment":[{"href":"https:\/\/demolir.store\/de\/wp-json\/wp\/v2\/media?parent=859"}],"wp:term":[{"taxonomy":"product_brand","embeddable":true,"href":"https:\/\/demolir.store\/de\/wp-json\/wp\/v2\/product_brand?post=859"},{"taxonomy":"product_cat","embeddable":true,"href":"https:\/\/demolir.store\/de\/wp-json\/wp\/v2\/product_cat?post=859"},{"taxonomy":"product_tag","embeddable":true,"href":"https:\/\/demolir.store\/de\/wp-json\/wp\/v2\/product_tag?post=859"}],"curies":[{"name":"wp","href":"https:\/\/api.w.org\/{rel}","templated":true}]}}