{"id":860,"date":"2021-06-29T14:22:26","date_gmt":"2021-06-29T13:22:26","guid":{"rendered":"https:\/\/demolir.store\/produto\/manga-plastica-60mm-diametro-38mm\/"},"modified":"2025-10-17T09:21:47","modified_gmt":"2025-10-17T08:21:47","slug":"manga-plastica-50mm-diametro-35mm","status":"publish","type":"product","link":"https:\/\/demolir.store\/de\/produkt\/kunststoffhulse-50-mm-durchmesser-35-mm\/","title":{"rendered":"Kunststoffh\u00fclse 50 mm \u2013 Durchmesser 35 mm"},"content":{"rendered":"<p>Wir bieten Kunststoffh\u00fcllen mit einem Durchmesser von 38 mm zum Schutz von quellf\u00e4higem Zement vor Feuchtigkeit an.<\/p>\n<p>Wird in 5-kg-Rollen verkauft.<\/p>\n<p>F\u00fcr 100 laufende Meter Bohrung reicht etwa 1 kg aus.<\/p>\n<p>Preis pro kg.<\/p>","protected":false},"excerpt":{"rendered":"<p>Wir bieten Kunststoffschl\u00e4uche mit 38 mm Durchmesser zum Schutz von quellf\u00e4higem Zement vor Feuchtigkeit an. Die Schl\u00e4uche werden in 5-kg-Rollen verkauft. Etwa 1 kg reicht f\u00fcr 100 laufende Meter Bohrung. Preis pro kg.<\/p>","protected":false},"featured_media":675,"template":"","meta":[],"product_brand":[],"product_cat":[44],"product_tag":[],"class_list":{"0":"post-860","1":"product","2":"type-product","3":"status-publish","4":"has-post-thumbnail","6":"product_cat-acessorios","8":"first","9":"instock","10":"taxable","11":"shipping-taxable","12":"purchasable","13":"product-type-simple"},"aioseo_notices":[],"_links":{"self":[{"href":"https:\/\/demolir.store\/de\/wp-json\/wp\/v2\/product\/860","targetHints":{"allow":["GET"]}}],"collection":[{"href":"https:\/\/demolir.store\/de\/wp-json\/wp\/v2\/product"}],"about":[{"href":"https:\/\/demolir.store\/de\/wp-json\/wp\/v2\/types\/product"}],"wp:featuredmedia":[{"embeddable":true,"href":"https:\/\/demolir.store\/de\/wp-json\/wp\/v2\/media\/675"}],"wp:attachment":[{"href":"https:\/\/demolir.store\/de\/wp-json\/wp\/v2\/media?parent=860"}],"wp:term":[{"taxonomy":"product_brand","embeddable":true,"href":"https:\/\/demolir.store\/de\/wp-json\/wp\/v2\/product_brand?post=860"},{"taxonomy":"product_cat","embeddable":true,"href":"https:\/\/demolir.store\/de\/wp-json\/wp\/v2\/product_cat?post=860"},{"taxonomy":"product_tag","embeddable":true,"href":"https:\/\/demolir.store\/de\/wp-json\/wp\/v2\/product_tag?post=860"}],"curies":[{"name":"wp","href":"https:\/\/api.w.org\/{rel}","templated":true}]}}