{"id":862,"date":"2021-06-29T14:22:28","date_gmt":"2021-06-29T13:22:28","guid":{"rendered":"https:\/\/demolir.store\/produto\/mangueira-compressor-3-4\/"},"modified":"2025-01-07T12:35:09","modified_gmt":"2025-01-07T12:35:09","slug":"mangueira-compressor-3-4","status":"publish","type":"product","link":"https:\/\/demolir.store\/de\/produkt\/kompressorschlauch-3-4\/","title":{"rendered":"3\/4&quot;-Kompressorschlauch"},"content":{"rendered":"<p>Druckluftschlauch f\u00fcr Kompressoren, eingesetzt im Bauwesen, Bergbau und in Steinbr\u00fcchen. Standardgr\u00f6\u00dfe: 50-m-Rollen. Wir f\u00fchren auch k\u00fcrzere Rollen.<\/p>\n<p><strong>Betriebsdruck:<\/strong> 20 bar\/290 PSI<\/p>\n<p><strong>Durchmesser:<\/strong> 3\/4\u2033<\/p>\n<p><strong>Gewicht:<\/strong> 0,57 kg\/m<\/p>\n<p>Preis pro Meter.<\/p>","protected":false},"excerpt":{"rendered":"<p>Mangueira de ar para compressor, com utiliza\u00e7\u00e3o nos setores da constru\u00e7\u00e3o, minas e pedreiras. Medida standard &#8211; rolos de 50 m. Tamb\u00e9m temos rolos com comprimentos inferiores a 50m. Press\u00e3o de servi\u00e7o: 20 bar\/290 PSI Di\u00e2metro: 3\/4&#8243; Peso: 0,57 kg\/m Pre\u00e7o por metro.<\/p>","protected":false},"featured_media":130,"template":"","meta":[],"product_brand":[],"product_cat":[44],"product_tag":[],"class_list":{"0":"post-862","1":"product","2":"type-product","3":"status-publish","4":"has-post-thumbnail","6":"product_cat-acessorios","8":"first","9":"instock","10":"taxable","11":"shipping-taxable","12":"purchasable","13":"product-type-simple"},"aioseo_notices":[],"_links":{"self":[{"href":"https:\/\/demolir.store\/de\/wp-json\/wp\/v2\/product\/862","targetHints":{"allow":["GET"]}}],"collection":[{"href":"https:\/\/demolir.store\/de\/wp-json\/wp\/v2\/product"}],"about":[{"href":"https:\/\/demolir.store\/de\/wp-json\/wp\/v2\/types\/product"}],"wp:featuredmedia":[{"embeddable":true,"href":"https:\/\/demolir.store\/de\/wp-json\/wp\/v2\/media\/130"}],"wp:attachment":[{"href":"https:\/\/demolir.store\/de\/wp-json\/wp\/v2\/media?parent=862"}],"wp:term":[{"taxonomy":"product_brand","embeddable":true,"href":"https:\/\/demolir.store\/de\/wp-json\/wp\/v2\/product_brand?post=862"},{"taxonomy":"product_cat","embeddable":true,"href":"https:\/\/demolir.store\/de\/wp-json\/wp\/v2\/product_cat?post=862"},{"taxonomy":"product_tag","embeddable":true,"href":"https:\/\/demolir.store\/de\/wp-json\/wp\/v2\/product_tag?post=862"}],"curies":[{"name":"wp","href":"https:\/\/api.w.org\/{rel}","templated":true}]}}