{"id":880,"date":"2021-06-29T14:22:45","date_gmt":"2021-06-29T14:22:45","guid":{"rendered":"https:\/\/demolir.store\/produto\/martelo-pneumatico-demolidor-m22-p25\/"},"modified":"2021-08-09T11:40:09","modified_gmt":"2021-08-09T10:40:09","slug":"martelo-pneumatico-demolidor-m22-p25","status":"publish","type":"product","link":"https:\/\/demolir.store\/de\/produkt\/pneumatischer-abbruchhammer-m22-p25\/","title":{"rendered":"Pneumatischer Abbruchhammer M22-P25"},"content":{"rendered":"<p>Dieser Hammertyp funktioniert ausschlie\u00dflich mit Druckluft und erfordert daher einen Kompressor auf der Baustelle. Hervorzuheben ist hierbei, dass das pneumatische System im Vergleich zum elektrischen Abbruchhammer mit weniger Bauteilen auskommt, was leichtere Bohrer und einen geringeren Wartungsaufwand bedeutet.<\/p>\n<p>Der Benutzer kann es benutzen, ohne Angst vor einem Stromschlag haben zu m\u00fcssen.<\/p>\n<ul class=\"product_info\">\n<li><strong>Modell:<\/strong> M22-P25<\/li>\n<li><strong>Gewicht:<\/strong> 20 kg<\/li>\n<li><strong>L\u00e4nge:<\/strong> 590 mm<\/li>\n<li><strong>Kolbendurchmesser:<\/strong> 57,16 mm<\/li>\n<li><strong>Anzahl der Einschl\u00e4ge (pro Minute):<\/strong> 1.425 Schl\u00e4ge pro Minute<\/li>\n<li><strong>Luftverbrauch (pro Minute):<\/strong> 1,61 m\u00b3<\/li>\n<li><strong>Lufteinlass:<\/strong> \u00be Zoll\u201d<\/li>\n<li><strong>Schaft:<\/strong> Sechseckig 25\u00d7108 (1\u00bc&quot;X4 \u00bc&quot;)<\/li>\n<\/ul>","protected":false},"excerpt":{"rendered":"<p>Esse tipo de martelo s\u00f3 funciona por meio de uma rede de ar comprimido, necessitando de um compressor na obra. Nesse sentido, vale enfatizar que o sistema pneum\u00e1tico trabalha com uma quantidade menor de pe\u00e7as se comparado ao demolidor el\u00e9trico, o que pode significar brocas mais leves e manuten\u00e7\u00f5es menos frequentes. O utilizador pode us\u00e1-lo sem a preocupa\u00e7\u00e3o tomar de choques el\u00e9tricos. Modelo: M22-P25 Peso: 20kg Comprimento: 590mm Di\u00e2metro pist\u00e3o: 57.16mm N\u00ba de impactos (p\/minuto): 1.425bpm Consumo de ar (p\/minuto): 1.61m3 Entrada de ar: \u00be&#8221; Encabadouro: Sextavado 25&#215;108 (1\u00bc&#8221;X4 \u00bc&#8221;)<\/p>","protected":false},"featured_media":144,"template":"","meta":[],"product_brand":[],"product_cat":[43],"product_tag":[],"class_list":{"0":"post-880","1":"product","2":"type-product","3":"status-publish","4":"has-post-thumbnail","6":"product_cat-martelos-pneumaticos","8":"first","9":"instock","10":"taxable","11":"shipping-taxable","12":"purchasable","13":"product-type-simple"},"aioseo_notices":[],"_links":{"self":[{"href":"https:\/\/demolir.store\/de\/wp-json\/wp\/v2\/product\/880","targetHints":{"allow":["GET"]}}],"collection":[{"href":"https:\/\/demolir.store\/de\/wp-json\/wp\/v2\/product"}],"about":[{"href":"https:\/\/demolir.store\/de\/wp-json\/wp\/v2\/types\/product"}],"wp:featuredmedia":[{"embeddable":true,"href":"https:\/\/demolir.store\/de\/wp-json\/wp\/v2\/media\/144"}],"wp:attachment":[{"href":"https:\/\/demolir.store\/de\/wp-json\/wp\/v2\/media?parent=880"}],"wp:term":[{"taxonomy":"product_brand","embeddable":true,"href":"https:\/\/demolir.store\/de\/wp-json\/wp\/v2\/product_brand?post=880"},{"taxonomy":"product_cat","embeddable":true,"href":"https:\/\/demolir.store\/de\/wp-json\/wp\/v2\/product_cat?post=880"},{"taxonomy":"product_tag","embeddable":true,"href":"https:\/\/demolir.store\/de\/wp-json\/wp\/v2\/product_tag?post=880"}],"curies":[{"name":"wp","href":"https:\/\/api.w.org\/{rel}","templated":true}]}}