{"id":881,"date":"2021-06-29T14:22:46","date_gmt":"2021-06-29T13:22:46","guid":{"rendered":"https:\/\/demolir.store\/produto\/martelo-pneumatico-perfurador-m20\/"},"modified":"2023-09-07T17:40:40","modified_gmt":"2023-09-07T16:40:40","slug":"martelo-pneumatico-perfurador-m20","status":"publish","type":"product","link":"https:\/\/demolir.store\/de\/produkt\/pneumatischer-bohrhammer-m20\/","title":{"rendered":"M20 Pneumatischer Bohrhammer"},"content":{"rendered":"<p>Dieser Hammertyp funktioniert ausschlie\u00dflich mit Druckluft und erfordert daher einen Kompressor auf der Baustelle. Hervorzuheben ist hierbei, dass das pneumatische System im Vergleich zum elektrischen System mit weniger Bauteilen auskommt, was leichtere Bohrer und einen geringeren Wartungsaufwand erm\u00f6glicht.<\/p>\n<p>Der Benutzer kann es benutzen, ohne Angst vor einem Stromschlag haben zu m\u00fcssen.<\/p>\n<ul class=\"product_info\">\n<li><strong>Modell:<\/strong> M20<\/li>\n<li><strong>Gewicht:<\/strong> 19,3 kg<\/li>\n<li><strong>L\u00e4nge:<\/strong> 540 mm<\/li>\n<li><strong>Kolbendurchmesser:<\/strong> 68 mm<\/li>\n<li><strong>Anzahl der Einschl\u00e4ge (pro Minute):<\/strong> 2.405 Schl\u00e4ge pro Minute<\/li>\n<li><strong>Luftverbrauch (pro Minute):<\/strong> 2,4 m\u00b3<\/li>\n<li><strong>Lufteinlass:<\/strong> \u00be Zoll\u201d<\/li>\n<li><strong>Schaft:<\/strong> 22\u00d7108 (\u201cX4 \u00bc\u201d)<\/li>\n<\/ul>","protected":false},"excerpt":{"rendered":"<p>Esse tipo de martelo s\u00f3 funciona por meio de uma rede de ar comprimido, necessitando de um compressor na obra. Nesse sentido, vale enfatizar que o sistema pneum\u00e1tico trabalha com uma quantidade menor de pe\u00e7as se comparado ao el\u00e9trico, o que pode significar brocas mais leves e manuten\u00e7\u00f5es menos frequentes. O utilizador pode us\u00e1-lo sem a preocupa\u00e7\u00e3o tomar de choques el\u00e9tricos. Modelo: M20 Peso: 19.3kg Comprimento: 540mm Di\u00e2metro pist\u00e3o: 68mm N\u00ba de impactos (p\/minuto): 2.405bpm Consumo de ar (p\/minuto): 2.4m3 Entrada de ar: \u00be&#8221; Encabadouro: 22&#215;108 (&#8220;X4 \u00bc&#8221;)<\/p>","protected":false},"featured_media":1326,"template":"","meta":[],"product_brand":[],"product_cat":[43],"product_tag":[],"class_list":{"0":"post-881","1":"product","2":"type-product","3":"status-publish","4":"has-post-thumbnail","6":"product_cat-martelos-pneumaticos","8":"first","9":"instock","10":"taxable","11":"shipping-taxable","12":"purchasable","13":"product-type-simple"},"aioseo_notices":[],"_links":{"self":[{"href":"https:\/\/demolir.store\/de\/wp-json\/wp\/v2\/product\/881","targetHints":{"allow":["GET"]}}],"collection":[{"href":"https:\/\/demolir.store\/de\/wp-json\/wp\/v2\/product"}],"about":[{"href":"https:\/\/demolir.store\/de\/wp-json\/wp\/v2\/types\/product"}],"wp:featuredmedia":[{"embeddable":true,"href":"https:\/\/demolir.store\/de\/wp-json\/wp\/v2\/media\/1326"}],"wp:attachment":[{"href":"https:\/\/demolir.store\/de\/wp-json\/wp\/v2\/media?parent=881"}],"wp:term":[{"taxonomy":"product_brand","embeddable":true,"href":"https:\/\/demolir.store\/de\/wp-json\/wp\/v2\/product_brand?post=881"},{"taxonomy":"product_cat","embeddable":true,"href":"https:\/\/demolir.store\/de\/wp-json\/wp\/v2\/product_cat?post=881"},{"taxonomy":"product_tag","embeddable":true,"href":"https:\/\/demolir.store\/de\/wp-json\/wp\/v2\/product_tag?post=881"}],"curies":[{"name":"wp","href":"https:\/\/api.w.org\/{rel}","templated":true}]}}