{"id":882,"date":"2021-06-29T14:22:46","date_gmt":"2021-06-29T13:22:46","guid":{"rendered":"https:\/\/demolir.store\/produto\/martelo-pneumatico-perfurador-y19a\/"},"modified":"2021-08-09T11:30:53","modified_gmt":"2021-08-09T10:30:53","slug":"martelo-pneumatico-y-24","status":"publish","type":"product","link":"https:\/\/demolir.store\/de\/produkt\/pneumatischer-hammer-y-24\/","title":{"rendered":"Y-24 Drucklufthammer"},"content":{"rendered":"<p>Dieser Hammertyp funktioniert ausschlie\u00dflich mit Druckluft und erfordert daher einen Kompressor auf der Baustelle. Hervorzuheben ist hierbei, dass das pneumatische System im Vergleich zum elektrischen System mit weniger Bauteilen auskommt, was leichtere Bohrer und einen geringeren Wartungsaufwand erm\u00f6glicht.<\/p>\n<p>Der Benutzer kann es benutzen, ohne Angst vor einem Stromschlag haben zu m\u00fcssen.<\/p>\n<p>Geeignet f\u00fcr Nass- und Trockenbohrungen in allen Gesteinsarten. Hohe Effizienz und schnelle Bohrgeschwindigkeit.<\/p>\n<ul>\n<li><strong>Gewicht \u2248<\/strong> 23 kg<\/li>\n<li><strong>Schaft:\u00a0\u00a0<\/strong>22*108 mm<\/li>\n<li><strong>L\u00e4nge:<\/strong> 604 Millimeter<\/li>\n<li><strong>Zylinderdurchmesser:<\/strong> 70 mm<\/li>\n<li><strong>Kolbenhub:<\/strong> 70 mm<\/li>\n<li><strong>Arbeitsdruck:<\/strong> 0,4 ~ 0,63 MPa<\/li>\n<li><strong>Aufprallh\u00e4ufigkeit<\/strong>\u2265 28 Hz<\/li>\n<li><strong>Luftverbrauch:<\/strong> 47L \u2264\/s<\/li>\n<li><strong>Bohrdurchmesser: <\/strong>30 mm \u2013 45 mm<\/li>\n<li><strong>Bohrtiefe:<\/strong> 6 Meter<\/li>\n<\/ul>\n<p>&nbsp;<\/p>","protected":false},"excerpt":{"rendered":"<p>Esse tipo de martelo s\u00f3 funciona por meio de uma rede de ar comprimido, necessitando de um compressor na obra. Nesse sentido, vale enfatizar que o sistema pneum\u00e1tico trabalha com uma quantidade menor de pe\u00e7as se comparado ao el\u00e9trico, o que pode significar brocas mais leves e manuten\u00e7\u00f5es menos frequentes. O utilizador pode us\u00e1-lo sem a preocupa\u00e7\u00e3o tomar de choques el\u00e9tricos. Adequado para perfura\u00e7\u00e3o molhada ou seca em todos os tipos de rochas. Alta efici\u00eancia e velocidade de perfura\u00e7\u00e3o r\u00e1pida. Peso \u2248 23kg Encabadouro:\u00a0\u00a022*108mm Comprimento: 604 mil\u00edmetros Di\u00e2metro do cilindro: 70mm Curso do pist\u00e3o: 70mm Press\u00e3o de trabalho: 0.4 ~ 0.63MPa Frequ\u00eancia de impacto:\u00a0 \u2265 28HZ Consumo de ar: 47L&hellip; <a class=\"read-more\" href=\"https:\/\/demolir.store\/de\/produkt\/pneumatischer-hammer-y-24\/\">Mehr Lesen<\/a><\/p>","protected":false},"featured_media":1324,"template":"","meta":[],"product_brand":[],"product_cat":[43],"product_tag":[],"class_list":{"0":"post-882","1":"product","2":"type-product","3":"status-publish","4":"has-post-thumbnail","6":"product_cat-martelos-pneumaticos","8":"first","9":"instock","10":"taxable","11":"shipping-taxable","12":"purchasable","13":"product-type-simple"},"aioseo_notices":[],"_links":{"self":[{"href":"https:\/\/demolir.store\/de\/wp-json\/wp\/v2\/product\/882","targetHints":{"allow":["GET"]}}],"collection":[{"href":"https:\/\/demolir.store\/de\/wp-json\/wp\/v2\/product"}],"about":[{"href":"https:\/\/demolir.store\/de\/wp-json\/wp\/v2\/types\/product"}],"wp:featuredmedia":[{"embeddable":true,"href":"https:\/\/demolir.store\/de\/wp-json\/wp\/v2\/media\/1324"}],"wp:attachment":[{"href":"https:\/\/demolir.store\/de\/wp-json\/wp\/v2\/media?parent=882"}],"wp:term":[{"taxonomy":"product_brand","embeddable":true,"href":"https:\/\/demolir.store\/de\/wp-json\/wp\/v2\/product_brand?post=882"},{"taxonomy":"product_cat","embeddable":true,"href":"https:\/\/demolir.store\/de\/wp-json\/wp\/v2\/product_cat?post=882"},{"taxonomy":"product_tag","embeddable":true,"href":"https:\/\/demolir.store\/de\/wp-json\/wp\/v2\/product_tag?post=882"}],"curies":[{"name":"wp","href":"https:\/\/api.w.org\/{rel}","templated":true}]}}