{"id":915,"date":"2021-06-29T14:23:15","date_gmt":"2021-06-29T13:23:15","guid":{"rendered":"https:\/\/demolir.store\/produto\/uniao-rod-t45\/"},"modified":"2021-08-09T11:23:53","modified_gmt":"2021-08-09T10:23:53","slug":"uniao-rod-t45","status":"publish","type":"product","link":"https:\/\/demolir.store\/de\/produkt\/verbindungsstange-t45\/","title":{"rendered":"Union Road T45"},"content":{"rendered":"<p>Aufgrund der unterschiedlichen Anwendungsbereiche ben\u00f6tigen wir Bohrgest\u00e4nge in verschiedenen L\u00e4ngen. Daher verwenden wir Kupplungen, um die Verl\u00e4ngerungsstangen miteinander zu verbinden.<\/p>\n<p><strong>Verbindung:\u00a0<\/strong>T45<\/p>\n<p><strong>Qualit\u00e4t:\u00a0<\/strong>B<\/p>","protected":false},"excerpt":{"rendered":"<p>Por causa de diferentes aplica\u00e7\u00f5es, precisamos de diferentes comprimentos de hastes de broca, ent\u00e3o temos as uni\u00f5es, que s\u00e3o utilizadas para conectar as hastes de extens\u00e3o. Conex\u00e3o:\u00a0T45 Qualidade:\u00a0B<\/p>","protected":false},"featured_media":48,"template":"","meta":[],"product_brand":[],"product_cat":[47],"product_tag":[],"class_list":{"0":"post-915","1":"product","2":"type-product","3":"status-publish","4":"has-post-thumbnail","6":"product_cat-bits","8":"first","9":"instock","10":"taxable","11":"shipping-taxable","12":"purchasable","13":"product-type-simple"},"aioseo_notices":[],"_links":{"self":[{"href":"https:\/\/demolir.store\/de\/wp-json\/wp\/v2\/product\/915","targetHints":{"allow":["GET"]}}],"collection":[{"href":"https:\/\/demolir.store\/de\/wp-json\/wp\/v2\/product"}],"about":[{"href":"https:\/\/demolir.store\/de\/wp-json\/wp\/v2\/types\/product"}],"wp:featuredmedia":[{"embeddable":true,"href":"https:\/\/demolir.store\/de\/wp-json\/wp\/v2\/media\/48"}],"wp:attachment":[{"href":"https:\/\/demolir.store\/de\/wp-json\/wp\/v2\/media?parent=915"}],"wp:term":[{"taxonomy":"product_brand","embeddable":true,"href":"https:\/\/demolir.store\/de\/wp-json\/wp\/v2\/product_brand?post=915"},{"taxonomy":"product_cat","embeddable":true,"href":"https:\/\/demolir.store\/de\/wp-json\/wp\/v2\/product_cat?post=915"},{"taxonomy":"product_tag","embeddable":true,"href":"https:\/\/demolir.store\/de\/wp-json\/wp\/v2\/product_tag?post=915"}],"curies":[{"name":"wp","href":"https:\/\/api.w.org\/{rel}","templated":true}]}}