{"id":1192,"date":"2021-07-07T16:02:58","date_gmt":"2021-07-07T15:02:58","guid":{"rendered":"https:\/\/demolir.store\/?post_type=product&#038;p=1192"},"modified":"2025-01-21T10:55:38","modified_gmt":"2025-01-21T10:55:38","slug":"almofada-de-ar","status":"publish","type":"product","link":"https:\/\/demolir.store\/en\/product\/air-cushion\/","title":{"rendered":"Air Cushion"},"content":{"rendered":"<p><strong>[PT]<\/strong><\/p>\n<p>Estas almofadas empurradoras a Ar apresentam uma <strong>alta-efici\u00eancia<\/strong>, s\u00e3o<strong> reutiliz\u00e1veis<\/strong>, <strong>econ\u00f3micas<\/strong> e capazes de <strong>separar os blocos com facilidade<\/strong>.<br \/>\n\u00datil para derrube de blocos ap\u00f3s corte com fio diamantado.<br \/>\nPossui liga\u00e7\u00f5es de engate r\u00e1pido e mangueira de ar.<\/p>\n<p><strong>Dimens\u00f5es:<\/strong> 1 x 1,5 (m); 1 x 1 (m)<\/p>\n<p>Capacidade de empurrar te\u00f3rica: 75 toneladas<\/p>\n<p><strong>[EN]<\/strong><\/p>\n<p>These air push pads are<strong> highly efficient<\/strong>, <strong>reusable<\/strong>, <strong>economical<\/strong> and capable of <strong>separating blocks easily<\/strong>.<br \/>\nUseful for dropping blocks after diamond wire cutting.<br \/>\nIt has quick-connect couplings and an air hose.<\/p>\n<p><strong>Dimensions:<\/strong> 1 x 1.5 (m); 1 x 1 (m)<\/p>\n<p>Theoretical pushing capacity: 75 tonnes<\/p>\n","protected":false},"excerpt":{"rendered":"<p>[PT] Estas almofadas empurradoras a Ar apresentam uma alta-efici\u00eancia, s\u00e3o reutiliz\u00e1veis, econ\u00f3micas e capazes de separar os blocos com facilidade. \u00datil para derrube de blocos ap\u00f3s corte com fio diamantado. Possui liga\u00e7\u00f5es de engate r\u00e1pido e mangueira de ar. Dimens\u00f5es: 1 x 1,5 (m); 1 x 1 (m) Capacidade de empurrar te\u00f3rica: 75 toneladas [EN] These air push pads are highly efficient, reusable, economical and capable of separating blocks easily. Useful for dropping blocks after diamond wire cutting. It has quick-connect couplings and an air hose. Dimensions: 1 x 1.5 (m); 1 x 1 (m) Theoretical pushing capacity: 75 tonnes<\/p>\n","protected":false},"featured_media":1193,"template":"","meta":[],"product_brand":[],"product_cat":[36],"product_tag":[],"class_list":{"0":"post-1192","1":"product","2":"type-product","3":"status-publish","4":"has-post-thumbnail","6":"product_cat-fio-diamantado","8":"first","9":"instock","10":"taxable","11":"shipping-taxable","12":"purchasable","13":"product-type-simple"},"aioseo_notices":[],"_links":{"self":[{"href":"https:\/\/demolir.store\/en\/wp-json\/wp\/v2\/product\/1192","targetHints":{"allow":["GET"]}}],"collection":[{"href":"https:\/\/demolir.store\/en\/wp-json\/wp\/v2\/product"}],"about":[{"href":"https:\/\/demolir.store\/en\/wp-json\/wp\/v2\/types\/product"}],"wp:featuredmedia":[{"embeddable":true,"href":"https:\/\/demolir.store\/en\/wp-json\/wp\/v2\/media\/1193"}],"wp:attachment":[{"href":"https:\/\/demolir.store\/en\/wp-json\/wp\/v2\/media?parent=1192"}],"wp:term":[{"taxonomy":"product_brand","embeddable":true,"href":"https:\/\/demolir.store\/en\/wp-json\/wp\/v2\/product_brand?post=1192"},{"taxonomy":"product_cat","embeddable":true,"href":"https:\/\/demolir.store\/en\/wp-json\/wp\/v2\/product_cat?post=1192"},{"taxonomy":"product_tag","embeddable":true,"href":"https:\/\/demolir.store\/en\/wp-json\/wp\/v2\/product_tag?post=1192"}],"curies":[{"name":"wp","href":"https:\/\/api.w.org\/{rel}","templated":true}]}}