{"id":1390,"date":"2021-08-09T13:51:55","date_gmt":"2021-08-09T12:51:55","guid":{"rendered":"https:\/\/demolir.store\/?post_type=product&#038;p=1390"},"modified":"2025-01-20T15:14:41","modified_gmt":"2025-01-20T15:14:41","slug":"barrena-roscada-r25-22x108-hex-h22-0254m","status":"publish","type":"product","link":"https:\/\/demolir.store\/en\/product\/threaded-rod-r25-22x108-hex-h22-0254m\/","title":{"rendered":"Threaded Bar R25 HEX H22 0.254m"},"content":{"rendered":"<p><strong>[PT]<\/strong><\/p>\n<p>Barrena de perfura\u00e7\u00e3o Roscada com 254 mm de comprimento. (Shank Rod)<\/p>\n<p>S\u00e3o equipamentos de perfura\u00e7\u00e3o rotativa e possuem uma ponta roscada, que permite ao bit ter um encaixe mais s\u00f3lido.<\/p>\n<p><strong>Tamanho: <\/strong>0.254 metros<\/p>\n<p><strong>Encabadouro: <\/strong>HEX H22<\/p>\n<p><b>Tipo da Rosca<\/b><strong>:<\/strong> R25<\/p>\n<p><strong>Qualidade:\u00a0<\/strong>A<\/p>\n<p><strong>[EN]<\/strong><\/p>\n<p>Shank Rod with 254 mm long<\/p>\n<p>These are rotary drilling rigs and have a screwed end, which allows the bit to have a more stable attachment.<\/p>\n<p>Length: 254 milimeters<\/p>\n<p>Shank: HEX H22<\/p>\n<p>Type: R25<\/p>\n<p>Quality: A<\/p>\n","protected":false},"excerpt":{"rendered":"<p>[PT] Barrena de perfura\u00e7\u00e3o Roscada com 254 mm de comprimento. (Shank Rod) S\u00e3o equipamentos de perfura\u00e7\u00e3o rotativa e possuem uma ponta roscada, que permite ao bit ter um encaixe mais s\u00f3lido. Tamanho: 0.254 metros Encabadouro: HEX H22 Tipo da Rosca: R25 Qualidade:\u00a0A [EN] Shank Rod with 254 mm long These are rotary drilling rigs and have a screwed end, which allows the bit to have a more stable attachment. Length: 254 milimeters Shank: HEX H22 Type: R25 Quality: A<\/p>\n","protected":false},"featured_media":170,"template":"","meta":[],"product_brand":[],"product_cat":[46],"product_tag":[],"class_list":{"0":"post-1390","1":"product","2":"type-product","3":"status-publish","4":"has-post-thumbnail","6":"product_cat-brocas-barrenas","8":"first","9":"instock","10":"taxable","11":"shipping-taxable","12":"purchasable","13":"product-type-simple"},"aioseo_notices":[],"_links":{"self":[{"href":"https:\/\/demolir.store\/en\/wp-json\/wp\/v2\/product\/1390","targetHints":{"allow":["GET"]}}],"collection":[{"href":"https:\/\/demolir.store\/en\/wp-json\/wp\/v2\/product"}],"about":[{"href":"https:\/\/demolir.store\/en\/wp-json\/wp\/v2\/types\/product"}],"wp:featuredmedia":[{"embeddable":true,"href":"https:\/\/demolir.store\/en\/wp-json\/wp\/v2\/media\/170"}],"wp:attachment":[{"href":"https:\/\/demolir.store\/en\/wp-json\/wp\/v2\/media?parent=1390"}],"wp:term":[{"taxonomy":"product_brand","embeddable":true,"href":"https:\/\/demolir.store\/en\/wp-json\/wp\/v2\/product_brand?post=1390"},{"taxonomy":"product_cat","embeddable":true,"href":"https:\/\/demolir.store\/en\/wp-json\/wp\/v2\/product_cat?post=1390"},{"taxonomy":"product_tag","embeddable":true,"href":"https:\/\/demolir.store\/en\/wp-json\/wp\/v2\/product_tag?post=1390"}],"curies":[{"name":"wp","href":"https:\/\/api.w.org\/{rel}","templated":true}]}}