{"id":877,"date":"2021-06-29T14:22:43","date_gmt":"2021-06-29T14:22:43","guid":{"rendered":"https:\/\/demolir.store\/produto\/martelo-pneumatico-cunhador-m12\/"},"modified":"2021-08-09T11:40:09","modified_gmt":"2021-08-09T10:40:09","slug":"martelo-pneumatico-cunhador-m12","status":"publish","type":"product","link":"https:\/\/demolir.store\/en\/product\/pneumatic-hammer-wedge-hammer-m12\/","title":{"rendered":"Pneumatic hammer punch M12"},"content":{"rendered":"<h5>The M12 pneumatic hammer was designed for use in both civil engineering and quarrying. Its impact power is suitable for both hammering and chipping.<\/h5>\n<p>Very effective in quarries for opening up blocks. Its power and impact speed make the M14 a high-performance hammer with low maintenance costs.<\/p>\n<ul class=\"product_info\">\n<li><strong>Model:<\/strong> M12<\/li>\n<li><strong>Weight:<\/strong> 9.8kg<\/li>\n<li><strong>Length:<\/strong> 395mm<\/li>\n<li><strong>Piston diameter:<\/strong> 36mm<\/li>\n<li><strong>Number of impacts (per minute):<\/strong> 1,710 bpm<\/li>\n<li><strong>Air consumption (per minute):<\/strong> 1.05m3<\/li>\n<li><strong>Air intake:<\/strong> \u00be<\/li>\n<li><strong>The hammer can be supplied with the following round shanks:\u00a0 <\/strong>\u2013 A-f25x70 or B-f24x70<\/li>\n<\/ul>","protected":false},"excerpt":{"rendered":"<p>O Martelo Pneum\u00e1tico cunhador M12 foi concebido para trabalhos tanto em engenharia civil como em pedreiras. O seu poder de impacto \u00e9 aplic\u00e1vel para a fun\u00e7\u00e3o de cunhador e picador. Muito eficaz nas pedreiras para a abertura de blocos. A sua pot\u00eancia e velocidade de impacto fazem do M14 um martelo de alto desempenho a um baixo custo de manuten\u00e7\u00e3o. Modelo: M12 Peso: 9,8kg Comprimento: 395mm Di\u00e2metro pist\u00e3o: 36mm N\u00ba de impactos(p\/minuto): 1.710bpm Consumo de ar (p\/minuto): 1.05m3 Entrada de ar: \u00be O martelo pode ser fornecido com os seguintes encabadouros redondos:\u00a0 &#8211; A-f25x70 ou\u00a0 B-f24x70<\/p>","protected":false},"featured_media":1094,"template":"","meta":[],"product_brand":[],"product_cat":[43],"product_tag":[],"class_list":{"0":"post-877","1":"product","2":"type-product","3":"status-publish","4":"has-post-thumbnail","6":"product_cat-martelos-pneumaticos","8":"first","9":"instock","10":"taxable","11":"shipping-taxable","12":"purchasable","13":"product-type-simple"},"aioseo_notices":[],"_links":{"self":[{"href":"https:\/\/demolir.store\/en\/wp-json\/wp\/v2\/product\/877","targetHints":{"allow":["GET"]}}],"collection":[{"href":"https:\/\/demolir.store\/en\/wp-json\/wp\/v2\/product"}],"about":[{"href":"https:\/\/demolir.store\/en\/wp-json\/wp\/v2\/types\/product"}],"wp:featuredmedia":[{"embeddable":true,"href":"https:\/\/demolir.store\/en\/wp-json\/wp\/v2\/media\/1094"}],"wp:attachment":[{"href":"https:\/\/demolir.store\/en\/wp-json\/wp\/v2\/media?parent=877"}],"wp:term":[{"taxonomy":"product_brand","embeddable":true,"href":"https:\/\/demolir.store\/en\/wp-json\/wp\/v2\/product_brand?post=877"},{"taxonomy":"product_cat","embeddable":true,"href":"https:\/\/demolir.store\/en\/wp-json\/wp\/v2\/product_cat?post=877"},{"taxonomy":"product_tag","embeddable":true,"href":"https:\/\/demolir.store\/en\/wp-json\/wp\/v2\/product_tag?post=877"}],"curies":[{"name":"wp","href":"https:\/\/api.w.org\/{rel}","templated":true}]}}