{"id":882,"date":"2021-06-29T14:22:46","date_gmt":"2021-06-29T13:22:46","guid":{"rendered":"https:\/\/demolir.store\/produto\/martelo-pneumatico-perfurador-y19a\/"},"modified":"2021-08-09T11:30:53","modified_gmt":"2021-08-09T10:30:53","slug":"martelo-pneumatico-y-24","status":"publish","type":"product","link":"https:\/\/demolir.store\/en\/product\/pneumatic-hammer-y-24\/","title":{"rendered":"Y-24 pneumatic hammer"},"content":{"rendered":"<p>This type of hammer only works via a compressed air network, requiring a compressor on site. In this sense, it is worth emphasising that the pneumatic system works with fewer parts than the electric one, which can mean lighter drills and less frequent maintenance.<\/p>\n<p>The user can use it without worrying about getting an electric shock.<\/p>\n<p>Suitable for wet or dry drilling in all types of rock. High efficiency and fast drilling speed.<\/p>\n<ul>\n<li><strong>Weight \u2248<\/strong> 23kg<\/li>\n<li><strong>Enclosure:\u00a0\u00a0<\/strong>22*108mm<\/li>\n<li><strong>Length:<\/strong> 604 millimeters<\/li>\n<li><strong>Cylinder diameter:<\/strong> 70mm<\/li>\n<li><strong>Piston stroke:<\/strong> 70mm<\/li>\n<li><strong>Work pressure:<\/strong> 0.4 ~ 0.63MPa<\/li>\n<li><strong>Impact frequency<\/strong>: \u2265 28HZ<\/li>\n<li><strong>Air consumption:<\/strong> 47L \u2264\/s<\/li>\n<li><strong>Drilling diameter: <\/strong>30 mm \u2013 45 mm<\/li>\n<li><strong>Drilling depth:<\/strong> 6 meters<\/li>\n<\/ul>\n<p>&nbsp;<\/p>","protected":false},"excerpt":{"rendered":"<p>Esse tipo de martelo s\u00f3 funciona por meio de uma rede de ar comprimido, necessitando de um compressor na obra. Nesse sentido, vale enfatizar que o sistema pneum\u00e1tico trabalha com uma quantidade menor de pe\u00e7as se comparado ao el\u00e9trico, o que pode significar brocas mais leves e manuten\u00e7\u00f5es menos frequentes. O utilizador pode us\u00e1-lo sem a preocupa\u00e7\u00e3o tomar de choques el\u00e9tricos. Adequado para perfura\u00e7\u00e3o molhada ou seca em todos os tipos de rochas. Alta efici\u00eancia e velocidade de perfura\u00e7\u00e3o r\u00e1pida. Peso \u2248 23kg Encabadouro:\u00a0\u00a022*108mm Comprimento: 604 mil\u00edmetros Di\u00e2metro do cilindro: 70mm Curso do pist\u00e3o: 70mm Press\u00e3o de trabalho: 0.4 ~ 0.63MPa Frequ\u00eancia de impacto:\u00a0 \u2265 28HZ Consumo de ar: 47L&hellip; <a class=\"read-more\" href=\"https:\/\/demolir.store\/en\/product\/pneumatic-hammer-y-24\/\">Read More<\/a><\/p>","protected":false},"featured_media":1324,"template":"","meta":[],"product_brand":[],"product_cat":[43],"product_tag":[],"class_list":{"0":"post-882","1":"product","2":"type-product","3":"status-publish","4":"has-post-thumbnail","6":"product_cat-martelos-pneumaticos","8":"first","9":"instock","10":"taxable","11":"shipping-taxable","12":"purchasable","13":"product-type-simple"},"aioseo_notices":[],"_links":{"self":[{"href":"https:\/\/demolir.store\/en\/wp-json\/wp\/v2\/product\/882","targetHints":{"allow":["GET"]}}],"collection":[{"href":"https:\/\/demolir.store\/en\/wp-json\/wp\/v2\/product"}],"about":[{"href":"https:\/\/demolir.store\/en\/wp-json\/wp\/v2\/types\/product"}],"wp:featuredmedia":[{"embeddable":true,"href":"https:\/\/demolir.store\/en\/wp-json\/wp\/v2\/media\/1324"}],"wp:attachment":[{"href":"https:\/\/demolir.store\/en\/wp-json\/wp\/v2\/media?parent=882"}],"wp:term":[{"taxonomy":"product_brand","embeddable":true,"href":"https:\/\/demolir.store\/en\/wp-json\/wp\/v2\/product_brand?post=882"},{"taxonomy":"product_cat","embeddable":true,"href":"https:\/\/demolir.store\/en\/wp-json\/wp\/v2\/product_cat?post=882"},{"taxonomy":"product_tag","embeddable":true,"href":"https:\/\/demolir.store\/en\/wp-json\/wp\/v2\/product_tag?post=882"}],"curies":[{"name":"wp","href":"https:\/\/api.w.org\/{rel}","templated":true}]}}