{"id":808,"date":"2021-06-29T14:21:41","date_gmt":"2021-06-29T13:21:41","guid":{"rendered":"https:\/\/demolir.store\/produto\/adaptadores-r25-22x108-c-1200mm-duromin\/"},"modified":"2021-08-09T14:09:11","modified_gmt":"2021-08-09T13:09:11","slug":"barrena-roscada-r25-hex-h22-120m","status":"publish","type":"product","link":"https:\/\/demolir.store\/es\/producto\/varilla-roscada-r25-hex-h22-120m\/","title":{"rendered":"Barra roscada R25 HEX H22 1,20m"},"content":{"rendered":"<p>V\u00e1stago<\/p>\n<p>Son perforadoras rotativas y tienen la punta roscada, lo que permite que la broca tenga un ajuste m\u00e1s s\u00f3lido.<\/p>\n<p><strong>Tama\u00f1o: <\/strong>1,20 metros<\/p>\n<p><strong>Recinto:\u00a0<\/strong>HEX H22<\/p>\n<p><b>Tipo de hilo<\/b><strong>:<\/strong>\u00a0R25<\/p>\n<p><strong>Calidad:\u00a0<\/strong>A<\/p>","protected":false},"excerpt":{"rendered":"<p>Barrena de perfura\u00e7\u00e3o Roscada. (Shank Rod) S\u00e3o equipamentos de perfura\u00e7\u00e3o rotativa e possuem uma ponta roscada, que permite ao bit ter um encaixe mais s\u00f3lido. Tamanho: 1.20\u00a0metros Encabadouro:\u00a0HEX H22 Tipo da Rosca:\u00a0R25 Qualidade:\u00a0A<\/p>","protected":false},"featured_media":170,"template":"","meta":[],"product_brand":[],"product_cat":[46],"product_tag":[],"class_list":{"0":"post-808","1":"product","2":"type-product","3":"status-publish","4":"has-post-thumbnail","6":"product_cat-brocas-barrenas","8":"first","9":"instock","10":"taxable","11":"shipping-taxable","12":"purchasable","13":"product-type-simple"},"aioseo_notices":[],"_links":{"self":[{"href":"https:\/\/demolir.store\/es\/wp-json\/wp\/v2\/product\/808","targetHints":{"allow":["GET"]}}],"collection":[{"href":"https:\/\/demolir.store\/es\/wp-json\/wp\/v2\/product"}],"about":[{"href":"https:\/\/demolir.store\/es\/wp-json\/wp\/v2\/types\/product"}],"wp:featuredmedia":[{"embeddable":true,"href":"https:\/\/demolir.store\/es\/wp-json\/wp\/v2\/media\/170"}],"wp:attachment":[{"href":"https:\/\/demolir.store\/es\/wp-json\/wp\/v2\/media?parent=808"}],"wp:term":[{"taxonomy":"product_brand","embeddable":true,"href":"https:\/\/demolir.store\/es\/wp-json\/wp\/v2\/product_brand?post=808"},{"taxonomy":"product_cat","embeddable":true,"href":"https:\/\/demolir.store\/es\/wp-json\/wp\/v2\/product_cat?post=808"},{"taxonomy":"product_tag","embeddable":true,"href":"https:\/\/demolir.store\/es\/wp-json\/wp\/v2\/product_tag?post=808"}],"curies":[{"name":"wp","href":"https:\/\/api.w.org\/{rel}","templated":true}]}}