{"id":817,"date":"2021-06-29T14:21:48","date_gmt":"2021-06-29T13:21:48","guid":{"rendered":"https:\/\/demolir.store\/produto\/barrenas-roc-t45-366-metros\/"},"modified":"2021-08-09T12:24:54","modified_gmt":"2021-08-09T11:24:54","slug":"barrenas-roc-t45-366-metros","status":"publish","type":"product","link":"https:\/\/demolir.store\/es\/producto\/barrenas-roc-t45-366-metros\/","title":{"rendered":"Barrenas ROC T45 (M\/M) 3,66 metros"},"content":{"rendered":"<p>Varilla para perforaci\u00f3n, t\u00fanel, perforaci\u00f3n de largo alcance.<\/p>\n<p>Los adaptadores de varilla macho suelen ser adecuados para aplicaciones de deriva, t\u00fanel y extensi\u00f3n en las que hay tensiones elevadas.<\/p>\n<p><strong>Enlace:<\/strong> hombre\/macho (M\/M).<\/p>\n<p><strong>Tama\u00f1o:<\/strong> 3,66 metros<\/p>\n<p><strong>En forma:<\/strong> T45<\/p>","protected":false},"excerpt":{"rendered":"<p>Varilla de perforaci\u00f3n para t\u00faneles y perforaciones de largo alcance. Los adaptadores macho para varillas son generalmente adecuados para galer\u00edas, t\u00faneles y aplicaciones de extensi\u00f3n donde existen altas tensiones. Conexi\u00f3n: macho\/macho (M\/M). Longitud: 3,66 metros. Conexi\u00f3n: T45<\/p>","protected":false},"featured_media":74,"template":"","meta":[],"product_brand":[],"product_cat":[46],"product_tag":[],"class_list":{"0":"post-817","1":"product","2":"type-product","3":"status-publish","4":"has-post-thumbnail","6":"product_cat-brocas-barrenas","8":"first","9":"instock","10":"taxable","11":"shipping-taxable","12":"purchasable","13":"product-type-simple"},"aioseo_notices":[],"_links":{"self":[{"href":"https:\/\/demolir.store\/es\/wp-json\/wp\/v2\/product\/817","targetHints":{"allow":["GET"]}}],"collection":[{"href":"https:\/\/demolir.store\/es\/wp-json\/wp\/v2\/product"}],"about":[{"href":"https:\/\/demolir.store\/es\/wp-json\/wp\/v2\/types\/product"}],"wp:featuredmedia":[{"embeddable":true,"href":"https:\/\/demolir.store\/es\/wp-json\/wp\/v2\/media\/74"}],"wp:attachment":[{"href":"https:\/\/demolir.store\/es\/wp-json\/wp\/v2\/media?parent=817"}],"wp:term":[{"taxonomy":"product_brand","embeddable":true,"href":"https:\/\/demolir.store\/es\/wp-json\/wp\/v2\/product_brand?post=817"},{"taxonomy":"product_cat","embeddable":true,"href":"https:\/\/demolir.store\/es\/wp-json\/wp\/v2\/product_cat?post=817"},{"taxonomy":"product_tag","embeddable":true,"href":"https:\/\/demolir.store\/es\/wp-json\/wp\/v2\/product_tag?post=817"}],"curies":[{"name":"wp","href":"https:\/\/api.w.org\/{rel}","templated":true}]}}