{"id":818,"date":"2021-06-29T14:21:49","date_gmt":"2021-06-29T13:21:49","guid":{"rendered":"https:\/\/demolir.store\/produto\/bit-conico-8-botoes-34-mm\/"},"modified":"2021-08-09T12:21:35","modified_gmt":"2021-08-09T11:21:35","slug":"bit-conico-8-botoes-34-mm","status":"publish","type":"product","link":"https:\/\/demolir.store\/es\/producto\/punta-conica-de-8-botones-34-mm\/","title":{"rendered":"Broca c\u00f3nica 8 botones 34 mm"},"content":{"rendered":"<p>Broca con encaje c\u00f3nico.<br \/>\n<strong>Tipo:<\/strong> Semi-bal\u00edstica<br \/>\n<strong>Di\u00e1metro:<\/strong> 34 mm<br \/>\n<strong>N\u00famero de botones:<\/strong> 8<br \/>\n<strong>Calidad:<\/strong> B<\/p>","protected":false},"excerpt":{"rendered":"<p>Broca con v\u00e1stago c\u00f3nico. Tipo: Semibal\u00edstica. Di\u00e1metro: 34 mm. N\u00famero de botones: 8. Calidad: B<\/p>","protected":false},"featured_media":85,"template":"","meta":[],"product_brand":[],"product_cat":[47],"product_tag":[],"class_list":{"0":"post-818","1":"product","2":"type-product","3":"status-publish","4":"has-post-thumbnail","6":"product_cat-bits","8":"first","9":"instock","10":"taxable","11":"shipping-taxable","12":"purchasable","13":"product-type-simple"},"aioseo_notices":[],"_links":{"self":[{"href":"https:\/\/demolir.store\/es\/wp-json\/wp\/v2\/product\/818","targetHints":{"allow":["GET"]}}],"collection":[{"href":"https:\/\/demolir.store\/es\/wp-json\/wp\/v2\/product"}],"about":[{"href":"https:\/\/demolir.store\/es\/wp-json\/wp\/v2\/types\/product"}],"wp:featuredmedia":[{"embeddable":true,"href":"https:\/\/demolir.store\/es\/wp-json\/wp\/v2\/media\/85"}],"wp:attachment":[{"href":"https:\/\/demolir.store\/es\/wp-json\/wp\/v2\/media?parent=818"}],"wp:term":[{"taxonomy":"product_brand","embeddable":true,"href":"https:\/\/demolir.store\/es\/wp-json\/wp\/v2\/product_brand?post=818"},{"taxonomy":"product_cat","embeddable":true,"href":"https:\/\/demolir.store\/es\/wp-json\/wp\/v2\/product_cat?post=818"},{"taxonomy":"product_tag","embeddable":true,"href":"https:\/\/demolir.store\/es\/wp-json\/wp\/v2\/product_tag?post=818"}],"curies":[{"name":"wp","href":"https:\/\/api.w.org\/{rel}","templated":true}]}}