{"id":825,"date":"2021-06-29T14:21:53","date_gmt":"2021-06-29T13:21:53","guid":{"rendered":"https:\/\/demolir.store\/produto\/bit-semibalistico-conico-de-7-botoes-geotek\/"},"modified":"2021-07-29T12:39:31","modified_gmt":"2021-07-29T11:39:31","slug":"bit-semibalistico-conico-de-7-botoes","status":"publish","type":"product","link":"https:\/\/demolir.store\/es\/producto\/punta-conica-semibalistica-de-7-botones\/","title":{"rendered":"Broca semibal\u00edstica c\u00f3nica de 7 botones 32mm"},"content":{"rendered":"<p>Broca con encaje c\u00f3nico.<br \/>\n<strong>Tipo: <\/strong>Semi-bal\u00edstica<br \/>\n<strong>Di\u00e1metro:<\/strong> 32 mm<br \/>\n<strong>N\u00famero de botones:<\/strong> 7<br \/>\n<strong>Calidad:<\/strong> B<\/p>","protected":false},"excerpt":{"rendered":"<p>Broca de v\u00e1stago c\u00f3nico. Tipo: Semibal\u00edstica. Di\u00e1metro: 32 mm. N\u00famero de botones: 7. Calidad: B<\/p>","protected":false},"featured_media":179,"template":"","meta":[],"product_brand":[],"product_cat":[47],"product_tag":[],"class_list":{"0":"post-825","1":"product","2":"type-product","3":"status-publish","4":"has-post-thumbnail","6":"product_cat-bits","8":"first","9":"instock","10":"taxable","11":"shipping-taxable","12":"purchasable","13":"product-type-simple"},"aioseo_notices":[],"_links":{"self":[{"href":"https:\/\/demolir.store\/es\/wp-json\/wp\/v2\/product\/825","targetHints":{"allow":["GET"]}}],"collection":[{"href":"https:\/\/demolir.store\/es\/wp-json\/wp\/v2\/product"}],"about":[{"href":"https:\/\/demolir.store\/es\/wp-json\/wp\/v2\/types\/product"}],"wp:featuredmedia":[{"embeddable":true,"href":"https:\/\/demolir.store\/es\/wp-json\/wp\/v2\/media\/179"}],"wp:attachment":[{"href":"https:\/\/demolir.store\/es\/wp-json\/wp\/v2\/media?parent=825"}],"wp:term":[{"taxonomy":"product_brand","embeddable":true,"href":"https:\/\/demolir.store\/es\/wp-json\/wp\/v2\/product_brand?post=825"},{"taxonomy":"product_cat","embeddable":true,"href":"https:\/\/demolir.store\/es\/wp-json\/wp\/v2\/product_cat?post=825"},{"taxonomy":"product_tag","embeddable":true,"href":"https:\/\/demolir.store\/es\/wp-json\/wp\/v2\/product_tag?post=825"}],"curies":[{"name":"wp","href":"https:\/\/api.w.org\/{rel}","templated":true}]}}