{"id":834,"date":"2021-06-29T14:22:00","date_gmt":"2021-06-29T13:22:00","guid":{"rendered":"https:\/\/demolir.store\/produto\/cunhas-400mm-d24\/"},"modified":"2025-06-30T16:46:51","modified_gmt":"2025-06-30T15:46:51","slug":"cunhas-400mm-d24","status":"publish","type":"product","link":"https:\/\/demolir.store\/es\/producto\/cunas-400mm-d24\/","title":{"rendered":"Cu\u00f1as D24 de 400 mm"},"content":{"rendered":"<p>Cu\u00f1a para hender roca, utilizada con la ayuda de un martillo de cu\u00f1a.<\/p>\n<p><strong>Tama\u00f1o de la cu\u00f1a:<\/strong> 40 cm<\/p>\n<p><strong>Tama\u00f1o de la aleta:<\/strong> 35 cm<\/p>\n<p><strong>Di\u00e1metro de la toma:<\/strong> 24 mm<\/p>","protected":false},"excerpt":{"rendered":"<p>Cu\u00f1a para partir rocas, utilizada con un martillo de cu\u00f1a. Longitud de la cu\u00f1a: 40 cm. Longitud de la hoja: 35 cm. Di\u00e1metro del v\u00e1stago: 24 mm.<\/p>","protected":false},"featured_media":69,"template":"","meta":[],"product_brand":[],"product_cat":[44],"product_tag":[],"class_list":{"0":"post-834","1":"product","2":"type-product","3":"status-publish","4":"has-post-thumbnail","6":"product_cat-acessorios","8":"first","9":"instock","10":"taxable","11":"shipping-taxable","12":"purchasable","13":"product-type-simple"},"aioseo_notices":[],"_links":{"self":[{"href":"https:\/\/demolir.store\/es\/wp-json\/wp\/v2\/product\/834","targetHints":{"allow":["GET"]}}],"collection":[{"href":"https:\/\/demolir.store\/es\/wp-json\/wp\/v2\/product"}],"about":[{"href":"https:\/\/demolir.store\/es\/wp-json\/wp\/v2\/types\/product"}],"wp:featuredmedia":[{"embeddable":true,"href":"https:\/\/demolir.store\/es\/wp-json\/wp\/v2\/media\/69"}],"wp:attachment":[{"href":"https:\/\/demolir.store\/es\/wp-json\/wp\/v2\/media?parent=834"}],"wp:term":[{"taxonomy":"product_brand","embeddable":true,"href":"https:\/\/demolir.store\/es\/wp-json\/wp\/v2\/product_brand?post=834"},{"taxonomy":"product_cat","embeddable":true,"href":"https:\/\/demolir.store\/es\/wp-json\/wp\/v2\/product_cat?post=834"},{"taxonomy":"product_tag","embeddable":true,"href":"https:\/\/demolir.store\/es\/wp-json\/wp\/v2\/product_tag?post=834"}],"curies":[{"name":"wp","href":"https:\/\/api.w.org\/{rel}","templated":true}]}}