{"id":856,"date":"2021-06-29T14:22:23","date_gmt":"2021-06-29T13:22:23","guid":{"rendered":"https:\/\/demolir.store\/produto\/ligacao-espiga-3-4-skg-19\/"},"modified":"2021-07-28T15:26:09","modified_gmt":"2021-07-28T14:26:09","slug":"ligacao-espiga-3-4","status":"publish","type":"product","link":"https:\/\/demolir.store\/es\/producto\/3-4-conexion-de-mazorca-de-maiz\/","title":{"rendered":"Conexi\u00f3n de pincho 3\/4"},"content":{"rendered":"<p>Conexi\u00f3n de grifo para manguera.<\/p>\n<p><strong>Di\u00e1metro:<\/strong> 3\/4, 19,05 mm<\/p>\n<p><strong>Aplicaci\u00f3n principal:<\/strong><br \/>\n\u2013 Conexi\u00f3n entre la manguera y los componentes neum\u00e1ticos.<br \/>\n\u2013 Los principales fluidos que circulan por el sistema son aire comprimido.<\/p>\n<p>&nbsp;<\/p>","protected":false},"excerpt":{"rendered":"<p>Liga\u00e7\u00e3o espiga para magueira. Diametro: 3\/4 , 19,05 mm Principal aplica\u00e7\u00e3o: &#8211; Liga\u00e7\u00e3o entre mangueira e componentes pneum\u00e1ticos. &#8211; Principais flu\u00eddos de passagem: ar comprimido. &nbsp;<\/p>","protected":false},"featured_media":1228,"template":"","meta":[],"product_brand":[],"product_cat":[44],"product_tag":[],"class_list":{"0":"post-856","1":"product","2":"type-product","3":"status-publish","4":"has-post-thumbnail","6":"product_cat-acessorios","8":"first","9":"instock","10":"taxable","11":"shipping-taxable","12":"purchasable","13":"product-type-simple"},"aioseo_notices":[],"_links":{"self":[{"href":"https:\/\/demolir.store\/es\/wp-json\/wp\/v2\/product\/856","targetHints":{"allow":["GET"]}}],"collection":[{"href":"https:\/\/demolir.store\/es\/wp-json\/wp\/v2\/product"}],"about":[{"href":"https:\/\/demolir.store\/es\/wp-json\/wp\/v2\/types\/product"}],"wp:featuredmedia":[{"embeddable":true,"href":"https:\/\/demolir.store\/es\/wp-json\/wp\/v2\/media\/1228"}],"wp:attachment":[{"href":"https:\/\/demolir.store\/es\/wp-json\/wp\/v2\/media?parent=856"}],"wp:term":[{"taxonomy":"product_brand","embeddable":true,"href":"https:\/\/demolir.store\/es\/wp-json\/wp\/v2\/product_brand?post=856"},{"taxonomy":"product_cat","embeddable":true,"href":"https:\/\/demolir.store\/es\/wp-json\/wp\/v2\/product_cat?post=856"},{"taxonomy":"product_tag","embeddable":true,"href":"https:\/\/demolir.store\/es\/wp-json\/wp\/v2\/product_tag?post=856"}],"curies":[{"name":"wp","href":"https:\/\/api.w.org\/{rel}","templated":true}]}}