{"id":860,"date":"2021-06-29T14:22:26","date_gmt":"2021-06-29T13:22:26","guid":{"rendered":"https:\/\/demolir.store\/produto\/manga-plastica-60mm-diametro-38mm\/"},"modified":"2025-10-17T09:21:47","modified_gmt":"2025-10-17T08:21:47","slug":"manga-plastica-50mm-diametro-35mm","status":"publish","type":"product","link":"https:\/\/demolir.store\/es\/producto\/funda-de-plastico-de-50-mm-de-diametro-y-35-mm-de-grosor\/","title":{"rendered":"Manguito de pl\u00e1stico 50mm - Di\u00e1metro 35mm"},"content":{"rendered":"<p>Ofrecemos fundas de pl\u00e1stico de 38 mm de di\u00e1metro para proteger el cemento expansivo de la humedad.<\/p>\n<p>Se vende en rollos de 5 kg.<\/p>\n<p>Aproximadamente 1 kg es suficiente para perforar 100 metros lineales.<\/p>\n<p>Precio por kg.<\/p>","protected":false},"excerpt":{"rendered":"<p>Ofrecemos fundas de pl\u00e1stico de 38 mm de di\u00e1metro para proteger el cemento expansivo de la humedad. Se venden en rollos de 5 kg. Aproximadamente 1 kg es suficiente para 100 metros lineales de perforaci\u00f3n. Precio por kg.<\/p>","protected":false},"featured_media":675,"template":"","meta":[],"product_brand":[],"product_cat":[44],"product_tag":[],"class_list":{"0":"post-860","1":"product","2":"type-product","3":"status-publish","4":"has-post-thumbnail","6":"product_cat-acessorios","8":"first","9":"instock","10":"taxable","11":"shipping-taxable","12":"purchasable","13":"product-type-simple"},"aioseo_notices":[],"_links":{"self":[{"href":"https:\/\/demolir.store\/es\/wp-json\/wp\/v2\/product\/860","targetHints":{"allow":["GET"]}}],"collection":[{"href":"https:\/\/demolir.store\/es\/wp-json\/wp\/v2\/product"}],"about":[{"href":"https:\/\/demolir.store\/es\/wp-json\/wp\/v2\/types\/product"}],"wp:featuredmedia":[{"embeddable":true,"href":"https:\/\/demolir.store\/es\/wp-json\/wp\/v2\/media\/675"}],"wp:attachment":[{"href":"https:\/\/demolir.store\/es\/wp-json\/wp\/v2\/media?parent=860"}],"wp:term":[{"taxonomy":"product_brand","embeddable":true,"href":"https:\/\/demolir.store\/es\/wp-json\/wp\/v2\/product_brand?post=860"},{"taxonomy":"product_cat","embeddable":true,"href":"https:\/\/demolir.store\/es\/wp-json\/wp\/v2\/product_cat?post=860"},{"taxonomy":"product_tag","embeddable":true,"href":"https:\/\/demolir.store\/es\/wp-json\/wp\/v2\/product_tag?post=860"}],"curies":[{"name":"wp","href":"https:\/\/api.w.org\/{rel}","templated":true}]}}