{"id":1026,"date":"2021-06-29T14:24:52","date_gmt":"2021-06-29T13:24:52","guid":{"rendered":"https:\/\/demolir.store\/produto\/produto-93\/"},"modified":"2025-01-27T11:20:11","modified_gmt":"2025-01-27T11:20:11","slug":"barrena-integral-h22x108mm-32m-d-31mm","status":"publish","type":"product","link":"https:\/\/demolir.store\/fr\/produit\/barre-integree-h22x108mm-32m-d-31mm\/","title":{"rendered":"Barri\u00e8re int\u00e9grale H22x108mm 3.2m d.31mm"},"content":{"rendered":"<p><strong>[PT]<\/strong><\/p>\n<p>Barrena de perfura\u00e7\u00e3o integral.<\/p>\n<p>N\u00e3o utiliza bits.<\/p>\n<p><strong>Tamanho: <\/strong>3,20 metros<\/p>\n<p><strong>Encabadouro:\u00a0<\/strong>H22x108 mm<\/p>\n<p><b>Di\u00e2metro<\/b><strong>:<\/strong> 33 mm<\/p>\n<p><strong>Qualidade:\u00a0<\/strong>A<\/p>\n<p><strong>[EN]<\/strong><\/p>\n<p>Integral drill rod.<\/p>\n<p>Drilling bit is not necessary .<\/p>\n<p><strong>Length:\u00a0<\/strong>3,20 meters<\/p>\n<p><strong>Shank: <\/strong>H22x108 mm<\/p>\n<p><strong>Diameter: <\/strong>33 mm<\/p>\n<p><strong>Quality: <\/strong>A<\/p>\n","protected":false},"excerpt":{"rendered":"<p>[PT] Barrena de perfura\u00e7\u00e3o integral. N\u00e3o utiliza bits. Tamanho: 3,20 metros Encabadouro:\u00a0H22x108 mm Di\u00e2metro: 33 mm Qualidade:\u00a0A [EN] Integral drill rod. Drilling bit is not necessary . Length:\u00a03,20 meters Shank: H22x108 mm Diameter: 33 mm Quality: A<\/p>\n","protected":false},"featured_media":1215,"template":"","meta":[],"product_brand":[],"product_cat":[46],"product_tag":[],"class_list":{"0":"post-1026","1":"product","2":"type-product","3":"status-publish","4":"has-post-thumbnail","6":"product_cat-brocas-barrenas","8":"first","9":"instock","10":"taxable","11":"shipping-taxable","12":"purchasable","13":"product-type-simple"},"aioseo_notices":[],"_links":{"self":[{"href":"https:\/\/demolir.store\/fr\/wp-json\/wp\/v2\/product\/1026","targetHints":{"allow":["GET"]}}],"collection":[{"href":"https:\/\/demolir.store\/fr\/wp-json\/wp\/v2\/product"}],"about":[{"href":"https:\/\/demolir.store\/fr\/wp-json\/wp\/v2\/types\/product"}],"wp:featuredmedia":[{"embeddable":true,"href":"https:\/\/demolir.store\/fr\/wp-json\/wp\/v2\/media\/1215"}],"wp:attachment":[{"href":"https:\/\/demolir.store\/fr\/wp-json\/wp\/v2\/media?parent=1026"}],"wp:term":[{"taxonomy":"product_brand","embeddable":true,"href":"https:\/\/demolir.store\/fr\/wp-json\/wp\/v2\/product_brand?post=1026"},{"taxonomy":"product_cat","embeddable":true,"href":"https:\/\/demolir.store\/fr\/wp-json\/wp\/v2\/product_cat?post=1026"},{"taxonomy":"product_tag","embeddable":true,"href":"https:\/\/demolir.store\/fr\/wp-json\/wp\/v2\/product_tag?post=1026"}],"curies":[{"name":"wp","href":"https:\/\/api.w.org\/{rel}","templated":true}]}}