{"id":1095,"date":"2021-07-03T09:08:42","date_gmt":"2021-07-03T08:08:42","guid":{"rendered":"https:\/\/demolir.store\/?post_type=product&#038;p=1095"},"modified":"2025-01-21T12:35:26","modified_gmt":"2025-01-21T12:35:26","slug":"martelo-pneumatico-perfurador-y19a","status":"publish","type":"product","link":"https:\/\/demolir.store\/fr\/produit\/marteau-pneumatique-y19a\/","title":{"rendered":"Marteau piqueur pneumatique Y19A"},"content":{"rendered":"<p><strong>[PT]<\/strong><\/p>\n<p>Esse tipo de martelo s\u00f3 funciona por meio de uma rede de ar comprimido, necessitando de um compressor na obra. Nesse sentido, vale enfatizar que o sistema pneum\u00e1tico trabalha com uma quantidade menor de pe\u00e7as se comparado ao el\u00e9trico, o que pode significar brocas mais leves e manuten\u00e7\u00f5es menos frequentes.<\/p>\n<p>O utilizador pode us\u00e1-lo sem a preocupa\u00e7\u00e3o tomar de choques el\u00e9tricos.<\/p>\n<p><strong>Peso (kg):<\/strong> 19<\/p>\n<p><strong>Encabadouro (mm):<\/strong> 22&#215;108 (&#8220;X4 \u00bc&#8221;)<\/p>\n<p><strong>Comprimento (mm):<\/strong> 600<\/p>\n<p><strong>Di\u00e2metro de pist\u00e3o (mm):<\/strong> 65<\/p>\n<p><strong>Press\u00e3o de ar de trabalho (MPa):\u00a0 <\/strong>0,4 &#8211; 0,5<\/p>\n<p><strong>Energia de impacto (J):<\/strong> \u2265 28 \u2265 40<\/p>\n<p><strong>Impacto frequ\u00eancia (Hz):<\/strong> \u2265 28 \u2265 35<\/p>\n<p><strong>Rota\u00e7\u00e3o (rpm):<\/strong> \u2265 180 \u2265 200<\/p>\n<p><strong>Consumo de ar (L\/S):<\/strong> \u2264 37 \u2264 43<\/p>\n<p><strong>[EN]<\/strong><\/p>\n<p>This type of hammer only works through a compressed air network, requiring a compressor on site. Therefore, it is worth noting that the pneumatic system works with fewer parts than the electric one, which can mean lighter drills and less frequent maintenance.<\/p>\n<p>Users can use it without worrying about electric shocks.<\/p>\n<p><strong>Weight (kg): <\/strong>19<\/p>\n<p><strong>Size Of Drill Shank (mm): <\/strong>22&#215;108 (&#8220;X4 \u00bc&#8221;)<\/p>\n<p><strong>Length (mm): <\/strong>600<\/p>\n<p><strong>Piston Diameter (mm): <\/strong>65<\/p>\n<p><strong>Working Air Pressure (MPa): <\/strong>0,4 &#8211; 0,5<\/p>\n<p><strong>Impact Energy (J):<\/strong> \u2265 28 &#8211; 40<\/p>\n<p><strong>Impact Frequency (Hz): <\/strong>\u2265 28 &#8211; 35<\/p>\n<p><strong>Rotating Speed (rpm):<\/strong> \u2265 180 &#8211; 200<\/p>\n<p><strong>Air consumption (L\/S): <\/strong>\u2264 37 &#8211; 43<\/p>\n","protected":false},"excerpt":{"rendered":"<p>[PT] Esse tipo de martelo s\u00f3 funciona por meio de uma rede de ar comprimido, necessitando de um compressor na obra. Nesse sentido, vale enfatizar que o sistema pneum\u00e1tico trabalha com uma quantidade menor de pe\u00e7as se comparado ao el\u00e9trico, o que pode significar brocas mais leves e manuten\u00e7\u00f5es menos frequentes. O utilizador pode us\u00e1-lo sem a preocupa\u00e7\u00e3o tomar de choques el\u00e9tricos. Peso (kg): 19 Encabadouro (mm): 22&#215;108 (&#8220;X4 \u00bc&#8221;) Comprimento (mm): 600 Di\u00e2metro de pist\u00e3o (mm): 65 Press\u00e3o de ar de trabalho (MPa):\u00a0 0,4 &#8211; 0,5 Energia de impacto (J): \u2265 28 \u2265 40 Impacto frequ\u00eancia (Hz): \u2265 28 \u2265 35 Rota\u00e7\u00e3o (rpm): \u2265 180 \u2265 200 Consumo de&hellip; <a class=\"read-more\" href=\"https:\/\/demolir.store\/fr\/produit\/marteau-pneumatique-y19a\/\">Montrer plus<\/a><\/p>\n","protected":false},"featured_media":1098,"template":"","meta":[],"product_brand":[],"product_cat":[43],"product_tag":[],"class_list":{"0":"post-1095","1":"product","2":"type-product","3":"status-publish","4":"has-post-thumbnail","6":"product_cat-martelos-pneumaticos","8":"first","9":"instock","10":"taxable","11":"shipping-taxable","12":"purchasable","13":"product-type-simple"},"aioseo_notices":[],"_links":{"self":[{"href":"https:\/\/demolir.store\/fr\/wp-json\/wp\/v2\/product\/1095","targetHints":{"allow":["GET"]}}],"collection":[{"href":"https:\/\/demolir.store\/fr\/wp-json\/wp\/v2\/product"}],"about":[{"href":"https:\/\/demolir.store\/fr\/wp-json\/wp\/v2\/types\/product"}],"wp:featuredmedia":[{"embeddable":true,"href":"https:\/\/demolir.store\/fr\/wp-json\/wp\/v2\/media\/1098"}],"wp:attachment":[{"href":"https:\/\/demolir.store\/fr\/wp-json\/wp\/v2\/media?parent=1095"}],"wp:term":[{"taxonomy":"product_brand","embeddable":true,"href":"https:\/\/demolir.store\/fr\/wp-json\/wp\/v2\/product_brand?post=1095"},{"taxonomy":"product_cat","embeddable":true,"href":"https:\/\/demolir.store\/fr\/wp-json\/wp\/v2\/product_cat?post=1095"},{"taxonomy":"product_tag","embeddable":true,"href":"https:\/\/demolir.store\/fr\/wp-json\/wp\/v2\/product_tag?post=1095"}],"curies":[{"name":"wp","href":"https:\/\/api.w.org\/{rel}","templated":true}]}}