{"id":810,"date":"2021-06-29T14:21:43","date_gmt":"2021-06-29T13:21:43","guid":{"rendered":"https:\/\/demolir.store\/produto\/barra-conica-geotek-h22x108mm\/"},"modified":"2021-07-29T14:15:07","modified_gmt":"2021-07-29T13:15:07","slug":"barra-conica-h22x108mm-2","status":"publish","type":"product","link":"https:\/\/demolir.store\/fr\/produit\/barre-conique-h22x108mm-2\/","title":{"rendered":"Barre conique H22x108mm 0.8m"},"content":{"rendered":"<p>Les barres de forage coniques peuvent \u00eatre utilis\u00e9es par les appareils de forage pneumatiques et hydrauliques.<\/p>\n<p>Il s'agit de foreuses rotatives \u00e0 pointe conique.<\/p>\n<p><strong>Taille : <\/strong>0,80 m\u00e8tre<\/p>\n<p><strong>La cl\u00f4ture : <\/strong>H22x108<\/p>\n<p><strong>Inclinaison :<\/strong>\u00a012\u00ba<\/p>\n<p><strong>Qualit\u00e9 :<\/strong> B<\/p>","protected":false},"excerpt":{"rendered":"<p>As barrenas de perfura\u00e7\u00e3o c\u00f3nicas podem ser usadas por equipamentos de perfura\u00e7\u00e3o pneumatica e hidr\u00e1ulica. S\u00e3o equipamentos de perfura\u00e7\u00e3o rotativa e possuem uma ponta c\u00f3nica. Tamanho: 0.80 metros Encabadouro: H22x108 Inclina\u00e7\u00e3o:\u00a012\u00ba Qualidade: B<\/p>","protected":false},"featured_media":71,"template":"","meta":[],"product_brand":[],"product_cat":[46],"product_tag":[],"class_list":{"0":"post-810","1":"product","2":"type-product","3":"status-publish","4":"has-post-thumbnail","6":"product_cat-brocas-barrenas","8":"first","9":"instock","10":"taxable","11":"shipping-taxable","12":"purchasable","13":"product-type-simple"},"aioseo_notices":[],"_links":{"self":[{"href":"https:\/\/demolir.store\/fr\/wp-json\/wp\/v2\/product\/810","targetHints":{"allow":["GET"]}}],"collection":[{"href":"https:\/\/demolir.store\/fr\/wp-json\/wp\/v2\/product"}],"about":[{"href":"https:\/\/demolir.store\/fr\/wp-json\/wp\/v2\/types\/product"}],"wp:featuredmedia":[{"embeddable":true,"href":"https:\/\/demolir.store\/fr\/wp-json\/wp\/v2\/media\/71"}],"wp:attachment":[{"href":"https:\/\/demolir.store\/fr\/wp-json\/wp\/v2\/media?parent=810"}],"wp:term":[{"taxonomy":"product_brand","embeddable":true,"href":"https:\/\/demolir.store\/fr\/wp-json\/wp\/v2\/product_brand?post=810"},{"taxonomy":"product_cat","embeddable":true,"href":"https:\/\/demolir.store\/fr\/wp-json\/wp\/v2\/product_cat?post=810"},{"taxonomy":"product_tag","embeddable":true,"href":"https:\/\/demolir.store\/fr\/wp-json\/wp\/v2\/product_tag?post=810"}],"curies":[{"name":"wp","href":"https:\/\/api.w.org\/{rel}","templated":true}]}}