{"id":829,"date":"2021-06-29T14:21:57","date_gmt":"2021-06-29T14:21:57","guid":{"rendered":"https:\/\/demolir.store\/produto\/cimento-expansivo-caixa-20kgs\/"},"modified":"2023-03-24T15:07:03","modified_gmt":"2023-03-24T15:07:03","slug":"cimento-expansivo-caixa-20kgs","status":"publish","type":"product","link":"https:\/\/demolir.store\/fr\/produit\/boite-de-mortier-espansif-20kgs\/","title":{"rendered":"Bo\u00eete de mortier expansif 20kgs"},"content":{"rendered":"<p>Vendemos Cimento Expansivo Online e Offline.<\/p>\n<p>Consumos especifico de 1kg\/80cm de fura\u00e7\u00e3o diam. 32mm (1kg para cada broca de 80cm).<\/p>\n<p>O\u00a0<strong>Tipo de Cimento Expansivo<\/strong>\u00a0distingue-se em fun\u00e7\u00e3o da temperatura ambiente da aplica\u00e7\u00e3o.<\/p>\n<p>O cimento expansivo fornecido \u00e9 sempre de acordo com a temperatura ambiente do local a aplicar.<\/p>\n<p>TIPO I -&gt; [25\u00ba a 40 \u00baC]<br \/>\nTIPO II\u00a0 -&gt; [10\u00ba a 25\u00baC]<br \/>\nTIPO III\u00a0 -&gt; [-5\u00ba a 10\u00baC]<\/p>\n<h4>Em alternativa, tamb\u00e9m, fornecemos aceleradores ou retardadores de rea\u00e7\u00e3o qu\u00edmica.<\/h4>\n<h4>Valor \/ kg \u2013 3,00\u20ac \u2013 O melhor pre\u00e7o de cimento expansivo!<\/h4>\n<p>Os valores apresentados n\u00e3o incluem IVA.<\/p>\n<p>Tamb\u00e9m disponibilizamos manga pl\u00e1stica para proteger o cimento expansivo de humidades.<\/p>\n<p>Para quantidades elevadas, podemos fazer melhores condi\u00e7\u00f5es, por favor, entre em contacto.<\/p>\n<p>Solicite-nos a ficha t\u00e9cnica de produto.\u00a0Ap\u00f3s a compra facultamos a Ficha de Dados de Seguran\u00e7a.<\/p>\n<p>&nbsp;<\/p>\n<p><strong>Dimens\u00f5es da caixa:<\/strong> 30 cm x 20 cm x 15 cm<\/p>\n","protected":false},"excerpt":{"rendered":"<h5><em>Pour les grandes quantit\u00e9s, veuillez nous contacter.\u00a0<\/em><\/h5>","protected":false},"featured_media":1411,"template":"","meta":[],"product_brand":[],"product_cat":[52],"product_tag":[],"class_list":{"0":"post-829","1":"product","2":"type-product","3":"status-publish","4":"has-post-thumbnail","6":"product_cat-cimento-expansivo","8":"first","9":"instock","10":"taxable","11":"shipping-taxable","12":"purchasable","13":"product-type-simple"},"aioseo_notices":[],"_links":{"self":[{"href":"https:\/\/demolir.store\/fr\/wp-json\/wp\/v2\/product\/829","targetHints":{"allow":["GET"]}}],"collection":[{"href":"https:\/\/demolir.store\/fr\/wp-json\/wp\/v2\/product"}],"about":[{"href":"https:\/\/demolir.store\/fr\/wp-json\/wp\/v2\/types\/product"}],"wp:featuredmedia":[{"embeddable":true,"href":"https:\/\/demolir.store\/fr\/wp-json\/wp\/v2\/media\/1411"}],"wp:attachment":[{"href":"https:\/\/demolir.store\/fr\/wp-json\/wp\/v2\/media?parent=829"}],"wp:term":[{"taxonomy":"product_brand","embeddable":true,"href":"https:\/\/demolir.store\/fr\/wp-json\/wp\/v2\/product_brand?post=829"},{"taxonomy":"product_cat","embeddable":true,"href":"https:\/\/demolir.store\/fr\/wp-json\/wp\/v2\/product_cat?post=829"},{"taxonomy":"product_tag","embeddable":true,"href":"https:\/\/demolir.store\/fr\/wp-json\/wp\/v2\/product_tag?post=829"}],"curies":[{"name":"wp","href":"https:\/\/api.w.org\/{rel}","templated":true}]}}