{"id":834,"date":"2021-06-29T14:22:00","date_gmt":"2021-06-29T13:22:00","guid":{"rendered":"https:\/\/demolir.store\/produto\/cunhas-400mm-d24\/"},"modified":"2025-06-30T16:46:51","modified_gmt":"2025-06-30T15:46:51","slug":"cunhas-400mm-d24","status":"publish","type":"product","link":"https:\/\/demolir.store\/fr\/produit\/cales-d24-de-400-mm\/","title":{"rendered":"Cales D24 de 400 mm"},"content":{"rendered":"<p>Cale pour fendre la roche, utilis\u00e9e \u00e0 l'aide d'un marteau de calage.<\/p>\n<p><strong>Taille de la cale :<\/strong> 40 cm<\/p>\n<p><strong>Taille de l'aileron :<\/strong> 35 cm<\/p>\n<p><strong>Diam\u00e8tre de la douille :<\/strong> 24 mm<\/p>","protected":false},"excerpt":{"rendered":"<p>Coin \u00e0 fendre la roche, \u00e0 utiliser avec un marteau \u00e0 coin. Longueur du coin\u00a0: 40\u00a0cm. Longueur de la lame\u00a0: 35\u00a0cm. Diam\u00e8tre de la tige\u00a0: 24\u00a0mm.<\/p>","protected":false},"featured_media":69,"template":"","meta":[],"product_brand":[],"product_cat":[44],"product_tag":[],"class_list":{"0":"post-834","1":"product","2":"type-product","3":"status-publish","4":"has-post-thumbnail","6":"product_cat-acessorios","8":"first","9":"instock","10":"taxable","11":"shipping-taxable","12":"purchasable","13":"product-type-simple"},"aioseo_notices":[],"_links":{"self":[{"href":"https:\/\/demolir.store\/fr\/wp-json\/wp\/v2\/product\/834","targetHints":{"allow":["GET"]}}],"collection":[{"href":"https:\/\/demolir.store\/fr\/wp-json\/wp\/v2\/product"}],"about":[{"href":"https:\/\/demolir.store\/fr\/wp-json\/wp\/v2\/types\/product"}],"wp:featuredmedia":[{"embeddable":true,"href":"https:\/\/demolir.store\/fr\/wp-json\/wp\/v2\/media\/69"}],"wp:attachment":[{"href":"https:\/\/demolir.store\/fr\/wp-json\/wp\/v2\/media?parent=834"}],"wp:term":[{"taxonomy":"product_brand","embeddable":true,"href":"https:\/\/demolir.store\/fr\/wp-json\/wp\/v2\/product_brand?post=834"},{"taxonomy":"product_cat","embeddable":true,"href":"https:\/\/demolir.store\/fr\/wp-json\/wp\/v2\/product_cat?post=834"},{"taxonomy":"product_tag","embeddable":true,"href":"https:\/\/demolir.store\/fr\/wp-json\/wp\/v2\/product_tag?post=834"}],"curies":[{"name":"wp","href":"https:\/\/api.w.org\/{rel}","templated":true}]}}