{"id":863,"date":"2021-06-29T14:22:29","date_gmt":"2021-06-29T13:22:29","guid":{"rendered":"https:\/\/demolir.store\/produto\/maquina-de-fio-diamantado\/"},"modified":"2021-08-09T12:01:47","modified_gmt":"2021-08-09T11:01:47","slug":"maquina-de-fio-diamantado","status":"publish","type":"product","link":"https:\/\/demolir.store\/fr\/produit\/machine-a-fil-diamante\/","title":{"rendered":"Machine \u00e0 fil diamant\u00e9 de 30 ch"},"content":{"rendered":"<p>Machine de d\u00e9coupe au fil diamant\u00e9 d&#039;une puissance de 22 kW (30 ch).<\/p>\n<ul>\n<li>Moteur : Siemens<\/li>\n<li>Poids : 320 kg<\/li>\n<li>Rails de 3 m (2 unit\u00e9s)<\/li>\n<\/ul>","protected":false},"excerpt":{"rendered":"<h2>Prix sur demande.<\/h2>\n<p>Demander plus d&#039;informations.<\/p>","protected":false},"featured_media":1237,"template":"","meta":[],"product_brand":[],"product_cat":[36],"product_tag":[],"class_list":{"0":"post-863","1":"product","2":"type-product","3":"status-publish","4":"has-post-thumbnail","6":"product_cat-fio-diamantado","8":"first","9":"instock","10":"taxable","11":"shipping-taxable","12":"purchasable","13":"product-type-simple"},"aioseo_notices":[],"_links":{"self":[{"href":"https:\/\/demolir.store\/fr\/wp-json\/wp\/v2\/product\/863","targetHints":{"allow":["GET"]}}],"collection":[{"href":"https:\/\/demolir.store\/fr\/wp-json\/wp\/v2\/product"}],"about":[{"href":"https:\/\/demolir.store\/fr\/wp-json\/wp\/v2\/types\/product"}],"wp:featuredmedia":[{"embeddable":true,"href":"https:\/\/demolir.store\/fr\/wp-json\/wp\/v2\/media\/1237"}],"wp:attachment":[{"href":"https:\/\/demolir.store\/fr\/wp-json\/wp\/v2\/media?parent=863"}],"wp:term":[{"taxonomy":"product_brand","embeddable":true,"href":"https:\/\/demolir.store\/fr\/wp-json\/wp\/v2\/product_brand?post=863"},{"taxonomy":"product_cat","embeddable":true,"href":"https:\/\/demolir.store\/fr\/wp-json\/wp\/v2\/product_cat?post=863"},{"taxonomy":"product_tag","embeddable":true,"href":"https:\/\/demolir.store\/fr\/wp-json\/wp\/v2\/product_tag?post=863"}],"curies":[{"name":"wp","href":"https:\/\/api.w.org\/{rel}","templated":true}]}}