{"id":881,"date":"2021-06-29T14:22:46","date_gmt":"2021-06-29T13:22:46","guid":{"rendered":"https:\/\/demolir.store\/produto\/martelo-pneumatico-perfurador-m20\/"},"modified":"2023-09-07T17:40:40","modified_gmt":"2023-09-07T16:40:40","slug":"martelo-pneumatico-perfurador-m20","status":"publish","type":"product","link":"https:\/\/demolir.store\/fr\/produit\/marteau-perforateur-pneumatique-m20\/","title":{"rendered":"Marteau piqueur pneumatique M20"},"content":{"rendered":"<p>Ce type de marteau ne fonctionne que par l'interm\u00e9diaire d'un r\u00e9seau d'air comprim\u00e9, ce qui n\u00e9cessite un compresseur sur place. \u00c0 cet \u00e9gard, il convient de souligner que le syst\u00e8me pneumatique comporte moins de pi\u00e8ces que le syst\u00e8me \u00e9lectrique, ce qui peut se traduire par des perceuses plus l\u00e9g\u00e8res et un entretien moins fr\u00e9quent.<\/p>\n<p>L'utilisateur peut l'utiliser sans craindre de recevoir un choc \u00e9lectrique.<\/p>\n<ul class=\"product_info\">\n<li><strong>Mod\u00e8le :<\/strong> M20<\/li>\n<li><strong>Poids :<\/strong> 19,3 kg<\/li>\n<li><strong>Longueur :<\/strong> 540 mm<\/li>\n<li><strong>Diam\u00e8tre du piston :<\/strong> 68 mm<\/li>\n<li><strong>Nombre d'impacts (p\/minute) :<\/strong> 2 405 bpm<\/li>\n<li><strong>Consommation d'air (p\/minute) :<\/strong> 2,4 m\u00b3<\/li>\n<li><strong>Admission d'air :<\/strong> \u00be\u201d<\/li>\n<li><strong>La cl\u00f4ture :<\/strong> 22\u00d7108 (\u201cX4 \u00bc\u201d)<\/li>\n<\/ul>","protected":false},"excerpt":{"rendered":"<p>Esse tipo de martelo s\u00f3 funciona por meio de uma rede de ar comprimido, necessitando de um compressor na obra. Nesse sentido, vale enfatizar que o sistema pneum\u00e1tico trabalha com uma quantidade menor de pe\u00e7as se comparado ao el\u00e9trico, o que pode significar brocas mais leves e manuten\u00e7\u00f5es menos frequentes. O utilizador pode us\u00e1-lo sem a preocupa\u00e7\u00e3o tomar de choques el\u00e9tricos. Modelo: M20 Peso: 19.3kg Comprimento: 540mm Di\u00e2metro pist\u00e3o: 68mm N\u00ba de impactos (p\/minuto): 2.405bpm Consumo de ar (p\/minuto): 2.4m3 Entrada de ar: \u00be&#8221; Encabadouro: 22&#215;108 (&#8220;X4 \u00bc&#8221;)<\/p>","protected":false},"featured_media":1326,"template":"","meta":[],"product_brand":[],"product_cat":[43],"product_tag":[],"class_list":{"0":"post-881","1":"product","2":"type-product","3":"status-publish","4":"has-post-thumbnail","6":"product_cat-martelos-pneumaticos","8":"first","9":"instock","10":"taxable","11":"shipping-taxable","12":"purchasable","13":"product-type-simple"},"aioseo_notices":[],"_links":{"self":[{"href":"https:\/\/demolir.store\/fr\/wp-json\/wp\/v2\/product\/881","targetHints":{"allow":["GET"]}}],"collection":[{"href":"https:\/\/demolir.store\/fr\/wp-json\/wp\/v2\/product"}],"about":[{"href":"https:\/\/demolir.store\/fr\/wp-json\/wp\/v2\/types\/product"}],"wp:featuredmedia":[{"embeddable":true,"href":"https:\/\/demolir.store\/fr\/wp-json\/wp\/v2\/media\/1326"}],"wp:attachment":[{"href":"https:\/\/demolir.store\/fr\/wp-json\/wp\/v2\/media?parent=881"}],"wp:term":[{"taxonomy":"product_brand","embeddable":true,"href":"https:\/\/demolir.store\/fr\/wp-json\/wp\/v2\/product_brand?post=881"},{"taxonomy":"product_cat","embeddable":true,"href":"https:\/\/demolir.store\/fr\/wp-json\/wp\/v2\/product_cat?post=881"},{"taxonomy":"product_tag","embeddable":true,"href":"https:\/\/demolir.store\/fr\/wp-json\/wp\/v2\/product_tag?post=881"}],"curies":[{"name":"wp","href":"https:\/\/api.w.org\/{rel}","templated":true}]}}