{"id":882,"date":"2021-06-29T14:22:46","date_gmt":"2021-06-29T13:22:46","guid":{"rendered":"https:\/\/demolir.store\/produto\/martelo-pneumatico-perfurador-y19a\/"},"modified":"2021-08-09T11:30:53","modified_gmt":"2021-08-09T10:30:53","slug":"martelo-pneumatico-y-24","status":"publish","type":"product","link":"https:\/\/demolir.store\/fr\/produit\/marteau-pneumatique-y-24\/","title":{"rendered":"Marteau pneumatique Y-24"},"content":{"rendered":"<p>Ce type de marteau ne fonctionne que par l'interm\u00e9diaire d'un r\u00e9seau d'air comprim\u00e9, ce qui n\u00e9cessite un compresseur sur place. \u00c0 cet \u00e9gard, il convient de souligner que le syst\u00e8me pneumatique comporte moins de pi\u00e8ces que le syst\u00e8me \u00e9lectrique, ce qui peut se traduire par des perceuses plus l\u00e9g\u00e8res et un entretien moins fr\u00e9quent.<\/p>\n<p>L'utilisateur peut l'utiliser sans craindre de recevoir un choc \u00e9lectrique.<\/p>\n<p>Convient au forage \u00e0 sec ou humide dans tous les types de roches. Rendement \u00e9lev\u00e9 et vitesse de forage rapide.<\/p>\n<ul>\n<li><strong>Poids \u2248<\/strong> 23 kg<\/li>\n<li><strong>La cl\u00f4ture :\u00a0\u00a0<\/strong>22*108mm<\/li>\n<li><strong>Longueur :<\/strong> 604 millim\u00e8tres<\/li>\n<li><strong>Diam\u00e8tre du cylindre :<\/strong> 70 mm<\/li>\n<li><strong>Course du piston :<\/strong> 70 mm<\/li>\n<li><strong>Pression de travail :<\/strong> 0,4 ~ 0,63MPa<\/li>\n<li><strong>Fr\u00e9quence de l'impact<\/strong>\u2265 28HZ<\/li>\n<li><strong>Consommation d'air :<\/strong> 47L \u2264\/s<\/li>\n<li><strong>Diam\u00e8tre de per\u00e7age : <\/strong>30 mm - 45 mm<\/li>\n<li><strong>Profondeur de forage :<\/strong> 6 m\u00e8tres<\/li>\n<\/ul>\n<p>&nbsp;<\/p>","protected":false},"excerpt":{"rendered":"<p>Esse tipo de martelo s\u00f3 funciona por meio de uma rede de ar comprimido, necessitando de um compressor na obra. Nesse sentido, vale enfatizar que o sistema pneum\u00e1tico trabalha com uma quantidade menor de pe\u00e7as se comparado ao el\u00e9trico, o que pode significar brocas mais leves e manuten\u00e7\u00f5es menos frequentes. O utilizador pode us\u00e1-lo sem a preocupa\u00e7\u00e3o tomar de choques el\u00e9tricos. Adequado para perfura\u00e7\u00e3o molhada ou seca em todos os tipos de rochas. Alta efici\u00eancia e velocidade de perfura\u00e7\u00e3o r\u00e1pida. Peso \u2248 23kg Encabadouro:\u00a0\u00a022*108mm Comprimento: 604 mil\u00edmetros Di\u00e2metro do cilindro: 70mm Curso do pist\u00e3o: 70mm Press\u00e3o de trabalho: 0.4 ~ 0.63MPa Frequ\u00eancia de impacto:\u00a0 \u2265 28HZ Consumo de ar: 47L&hellip; <a class=\"read-more\" href=\"https:\/\/demolir.store\/fr\/produit\/marteau-pneumatique-y-24\/\">Montrer plus<\/a><\/p>","protected":false},"featured_media":1324,"template":"","meta":[],"product_brand":[],"product_cat":[43],"product_tag":[],"class_list":{"0":"post-882","1":"product","2":"type-product","3":"status-publish","4":"has-post-thumbnail","6":"product_cat-martelos-pneumaticos","8":"first","9":"instock","10":"taxable","11":"shipping-taxable","12":"purchasable","13":"product-type-simple"},"aioseo_notices":[],"_links":{"self":[{"href":"https:\/\/demolir.store\/fr\/wp-json\/wp\/v2\/product\/882","targetHints":{"allow":["GET"]}}],"collection":[{"href":"https:\/\/demolir.store\/fr\/wp-json\/wp\/v2\/product"}],"about":[{"href":"https:\/\/demolir.store\/fr\/wp-json\/wp\/v2\/types\/product"}],"wp:featuredmedia":[{"embeddable":true,"href":"https:\/\/demolir.store\/fr\/wp-json\/wp\/v2\/media\/1324"}],"wp:attachment":[{"href":"https:\/\/demolir.store\/fr\/wp-json\/wp\/v2\/media?parent=882"}],"wp:term":[{"taxonomy":"product_brand","embeddable":true,"href":"https:\/\/demolir.store\/fr\/wp-json\/wp\/v2\/product_brand?post=882"},{"taxonomy":"product_cat","embeddable":true,"href":"https:\/\/demolir.store\/fr\/wp-json\/wp\/v2\/product_cat?post=882"},{"taxonomy":"product_tag","embeddable":true,"href":"https:\/\/demolir.store\/fr\/wp-json\/wp\/v2\/product_tag?post=882"}],"curies":[{"name":"wp","href":"https:\/\/api.w.org\/{rel}","templated":true}]}}