{"id":1010,"date":"2021-06-29T14:24:37","date_gmt":"2021-06-29T13:24:37","guid":{"rendered":"https:\/\/demolir.store\/produto\/produto-79\/"},"modified":"2021-07-29T14:07:21","modified_gmt":"2021-07-29T13:07:21","slug":"barrena-conica-h22x108mm-16m-2","status":"publish","type":"product","link":"https:\/\/demolir.store\/it\/prodotto\/barrana-conica-h22x108mm-16m-2\/","title":{"rendered":"Barra conica H22x108mm 1,6m"},"content":{"rendered":"<p>Le barre di perforazione coniche possono essere utilizzate da impianti di perforazione pneumatici e idraulici.<\/p>\n<p>Si tratta di perforatrici rotanti con una punta conica.<\/p>\n<p><strong>Dimensioni: <\/strong>1,60 metri<\/p>\n<p><strong>Allegato: <\/strong>H22x108<\/p>\n<p><strong>Inclinazione:<\/strong>\u00a012\u00ba<\/p>\n<p><strong>Qualit\u00e0: <\/strong>B<\/p>","protected":false},"excerpt":{"rendered":"<p>As barrenas de perfura\u00e7\u00e3o c\u00f3nicas podem ser usadas por equipamentos de perfura\u00e7\u00e3o pneumatica e hidr\u00e1ulica. S\u00e3o equipamentos de perfura\u00e7\u00e3o rotativa e possuem uma ponta c\u00f3nica. Tamanho: 1,60 metros Encabadouro: H22x108 Inclina\u00e7\u00e3o:\u00a012\u00ba Qualidade: B<\/p>","protected":false},"featured_media":71,"template":"","meta":[],"product_brand":[],"product_cat":[46],"product_tag":[],"class_list":{"0":"post-1010","1":"product","2":"type-product","3":"status-publish","4":"has-post-thumbnail","6":"product_cat-brocas-barrenas","8":"first","9":"instock","10":"taxable","11":"shipping-taxable","12":"purchasable","13":"product-type-simple"},"aioseo_notices":[],"_links":{"self":[{"href":"https:\/\/demolir.store\/it\/wp-json\/wp\/v2\/product\/1010","targetHints":{"allow":["GET"]}}],"collection":[{"href":"https:\/\/demolir.store\/it\/wp-json\/wp\/v2\/product"}],"about":[{"href":"https:\/\/demolir.store\/it\/wp-json\/wp\/v2\/types\/product"}],"wp:featuredmedia":[{"embeddable":true,"href":"https:\/\/demolir.store\/it\/wp-json\/wp\/v2\/media\/71"}],"wp:attachment":[{"href":"https:\/\/demolir.store\/it\/wp-json\/wp\/v2\/media?parent=1010"}],"wp:term":[{"taxonomy":"product_brand","embeddable":true,"href":"https:\/\/demolir.store\/it\/wp-json\/wp\/v2\/product_brand?post=1010"},{"taxonomy":"product_cat","embeddable":true,"href":"https:\/\/demolir.store\/it\/wp-json\/wp\/v2\/product_cat?post=1010"},{"taxonomy":"product_tag","embeddable":true,"href":"https:\/\/demolir.store\/it\/wp-json\/wp\/v2\/product_tag?post=1010"}],"curies":[{"name":"wp","href":"https:\/\/api.w.org\/{rel}","templated":true}]}}