{"id":1014,"date":"2021-06-29T14:24:40","date_gmt":"2021-06-29T13:24:40","guid":{"rendered":"https:\/\/demolir.store\/produto\/produto-83\/"},"modified":"2025-01-27T15:05:10","modified_gmt":"2025-01-27T15:05:10","slug":"barrena-conica-h22x108mm-40m","status":"publish","type":"product","link":"https:\/\/demolir.store\/it\/prodotto\/barrana-conica-h22x108mm-40m\/","title":{"rendered":"Barra conica H22x108mm 4,0m"},"content":{"rendered":"<p><strong>[PT]<\/strong><\/p>\n<p>As barrenas de perfura\u00e7\u00e3o c\u00f3nicas podem ser usadas por equipamentos de perfura\u00e7\u00e3o pneum\u00e1tica e hidr\u00e1ulica.<\/p>\n<p>S\u00e3o equipamentos de perfura\u00e7\u00e3o rotativa e possuem uma ponta c\u00f3nica.<\/p>\n<p><strong>Tamanho: <\/strong>4 metros<\/p>\n<p><strong>Encabadouro: <\/strong>H22x108<\/p>\n<p><strong>Inclina\u00e7\u00e3o:<\/strong>\u00a012\u00ba<\/p>\n<p><strong>Qualidade: <\/strong>A<\/p>\n<p><strong>[EN]<\/strong><\/p>\n<p>Tapered drilling rods can be used by pneumatic and hydraulic drilling equipment.<\/p>\n<p>They are rotary drilling rigs and have a conical tip.<\/p>\n<p><strong>Length:<\/strong> 4 meters<\/p>\n<p><strong>Shank:<\/strong> H22x108<\/p>\n<p><strong>Taper:<\/strong> 12\u00ba<\/p>\n<p><strong>Quality:<\/strong> A<\/p>\n<p>&nbsp;<\/p>\n","protected":false},"excerpt":{"rendered":"<p>[PT] As barrenas de perfura\u00e7\u00e3o c\u00f3nicas podem ser usadas por equipamentos de perfura\u00e7\u00e3o pneum\u00e1tica e hidr\u00e1ulica. S\u00e3o equipamentos de perfura\u00e7\u00e3o rotativa e possuem uma ponta c\u00f3nica. Tamanho: 4 metros Encabadouro: H22x108 Inclina\u00e7\u00e3o:\u00a012\u00ba Qualidade: A [EN] Tapered drilling rods can be used by pneumatic and hydraulic drilling equipment. They are rotary drilling rigs and have a conical tip. Length: 4 meters Shank: H22x108 Taper: 12\u00ba Quality: A &nbsp;<\/p>\n","protected":false},"featured_media":71,"template":"","meta":[],"product_brand":[],"product_cat":[46],"product_tag":[],"class_list":{"0":"post-1014","1":"product","2":"type-product","3":"status-publish","4":"has-post-thumbnail","6":"product_cat-brocas-barrenas","8":"first","9":"instock","10":"taxable","11":"shipping-taxable","12":"purchasable","13":"product-type-simple"},"aioseo_notices":[],"_links":{"self":[{"href":"https:\/\/demolir.store\/it\/wp-json\/wp\/v2\/product\/1014","targetHints":{"allow":["GET"]}}],"collection":[{"href":"https:\/\/demolir.store\/it\/wp-json\/wp\/v2\/product"}],"about":[{"href":"https:\/\/demolir.store\/it\/wp-json\/wp\/v2\/types\/product"}],"wp:featuredmedia":[{"embeddable":true,"href":"https:\/\/demolir.store\/it\/wp-json\/wp\/v2\/media\/71"}],"wp:attachment":[{"href":"https:\/\/demolir.store\/it\/wp-json\/wp\/v2\/media?parent=1014"}],"wp:term":[{"taxonomy":"product_brand","embeddable":true,"href":"https:\/\/demolir.store\/it\/wp-json\/wp\/v2\/product_brand?post=1014"},{"taxonomy":"product_cat","embeddable":true,"href":"https:\/\/demolir.store\/it\/wp-json\/wp\/v2\/product_cat?post=1014"},{"taxonomy":"product_tag","embeddable":true,"href":"https:\/\/demolir.store\/it\/wp-json\/wp\/v2\/product_tag?post=1014"}],"curies":[{"name":"wp","href":"https:\/\/api.w.org\/{rel}","templated":true}]}}