{"id":1023,"date":"2021-06-29T14:24:50","date_gmt":"2021-06-29T13:24:50","guid":{"rendered":"https:\/\/demolir.store\/produto\/produto-90\/"},"modified":"2025-01-27T14:29:14","modified_gmt":"2025-01-27T14:29:14","slug":"barrena-integral-h22x108mm-40m-d-30mm","status":"publish","type":"product","link":"https:\/\/demolir.store\/it\/prodotto\/binario-integrale-h22x108mm-40m-d-30mm\/","title":{"rendered":"Barriera integrale H22x108mm 4,0m d.30mm"},"content":{"rendered":"<p><strong>[PT]<\/strong><\/p>\n<p>Barrena de perfura\u00e7\u00e3o integral.<\/p>\n<p>N\u00e3o utiliza bits.<\/p>\n<p><strong>Tamanho: <\/strong>4 metros<\/p>\n<p><strong>Encabadouro:\u00a0<\/strong>H22x108<\/p>\n<p><b>Di\u00e2metro<\/b><strong>:<\/strong> 30 mm<\/p>\n<p><strong>Qualidade:\u00a0<\/strong>A<\/p>\n<p><strong>[EN]<\/strong><\/p>\n<p>Integral drill rod.<\/p>\n<p>Drilling bit is not necessary.<\/p>\n<p><strong>Length:\u00a0<\/strong>4 meters<\/p>\n<p><strong>Shank: <\/strong>H22x108 mm<\/p>\n<p><strong>Diameter: <\/strong>30 mm<\/p>\n<p><strong>Quality: <\/strong>A<\/p>\n","protected":false},"excerpt":{"rendered":"<p>[PT] Barrena de perfura\u00e7\u00e3o integral. N\u00e3o utiliza bits. Tamanho: 4 metros Encabadouro:\u00a0H22x108 Di\u00e2metro: 30 mm Qualidade:\u00a0A [EN] Integral drill rod. Drilling bit is not necessary. Length:\u00a04 meters Shank: H22x108 mm Diameter: 30 mm Quality: A<\/p>\n","protected":false},"featured_media":1215,"template":"","meta":[],"product_brand":[],"product_cat":[46],"product_tag":[],"class_list":{"0":"post-1023","1":"product","2":"type-product","3":"status-publish","4":"has-post-thumbnail","6":"product_cat-brocas-barrenas","8":"first","9":"instock","10":"taxable","11":"shipping-taxable","12":"purchasable","13":"product-type-simple"},"aioseo_notices":[],"_links":{"self":[{"href":"https:\/\/demolir.store\/it\/wp-json\/wp\/v2\/product\/1023","targetHints":{"allow":["GET"]}}],"collection":[{"href":"https:\/\/demolir.store\/it\/wp-json\/wp\/v2\/product"}],"about":[{"href":"https:\/\/demolir.store\/it\/wp-json\/wp\/v2\/types\/product"}],"wp:featuredmedia":[{"embeddable":true,"href":"https:\/\/demolir.store\/it\/wp-json\/wp\/v2\/media\/1215"}],"wp:attachment":[{"href":"https:\/\/demolir.store\/it\/wp-json\/wp\/v2\/media?parent=1023"}],"wp:term":[{"taxonomy":"product_brand","embeddable":true,"href":"https:\/\/demolir.store\/it\/wp-json\/wp\/v2\/product_brand?post=1023"},{"taxonomy":"product_cat","embeddable":true,"href":"https:\/\/demolir.store\/it\/wp-json\/wp\/v2\/product_cat?post=1023"},{"taxonomy":"product_tag","embeddable":true,"href":"https:\/\/demolir.store\/it\/wp-json\/wp\/v2\/product_tag?post=1023"}],"curies":[{"name":"wp","href":"https:\/\/api.w.org\/{rel}","templated":true}]}}