{"id":1395,"date":"2021-08-09T13:56:01","date_gmt":"2021-08-09T12:56:01","guid":{"rendered":"https:\/\/demolir.store\/?post_type=product&#038;p=1395"},"modified":"2025-01-20T16:19:43","modified_gmt":"2025-01-20T16:19:43","slug":"barrena-roscada-r25-hex-h22-244","status":"publish","type":"product","link":"https:\/\/demolir.store\/it\/prodotto\/barra-filettata-r25-esagono-h22-244\/","title":{"rendered":"Barra filettata R25 HEX H22 2,44"},"content":{"rendered":"<p><strong>[PT] <\/strong><\/p>\n<p>Barrena de perfura\u00e7\u00e3o Roscada com 2440 mm de comprimento. (Shank Rod)<\/p>\n<p>S\u00e3o equipamentos de perfura\u00e7\u00e3o rotativa e possuem uma ponta roscada, que permite ao bit ter um encaixe mais s\u00f3lido.<\/p>\n<p><strong>Tamanho:\u00a0<\/strong>2400 mil\u00edmetros<\/p>\n<p><strong>Encabadouro:\u00a0<\/strong>HEX H22<\/p>\n<p><b>Tipo da Rosca<\/b><strong>:<\/strong>\u00a0R25<\/p>\n<p><strong>Qualidade:\u00a0<\/strong>A<\/p>\n<p><strong>[EN]<\/strong><\/p>\n<p>Shank Rod with 2440 mm long<\/p>\n<p>These are rotary drilling rigs and have a screwed end, which allows the bit to have a more stable attachment.<\/p>\n<p><strong>Length:<\/strong> 2440 milimeters<\/p>\n<p><strong>Shank:<\/strong>\u00a0HEX H22<\/p>\n<p><strong>Type:<\/strong>\u00a0R25<\/p>\n<p><strong>Quality:<\/strong>\u00a0A<\/p>\n","protected":false},"excerpt":{"rendered":"<p>[PT] Barrena de perfura\u00e7\u00e3o Roscada com 2440 mm de comprimento. (Shank Rod) S\u00e3o equipamentos de perfura\u00e7\u00e3o rotativa e possuem uma ponta roscada, que permite ao bit ter um encaixe mais s\u00f3lido. Tamanho:\u00a02400 mil\u00edmetros Encabadouro:\u00a0HEX H22 Tipo da Rosca:\u00a0R25 Qualidade:\u00a0A [EN] Shank Rod with 2440 mm long These are rotary drilling rigs and have a screwed end, which allows the bit to have a more stable attachment. Length: 2440 milimeters Shank:\u00a0HEX H22 Type:\u00a0R25 Quality:\u00a0A<\/p>\n","protected":false},"featured_media":170,"template":"","meta":[],"product_brand":[],"product_cat":[46],"product_tag":[],"class_list":{"0":"post-1395","1":"product","2":"type-product","3":"status-publish","4":"has-post-thumbnail","6":"product_cat-brocas-barrenas","8":"first","9":"instock","10":"taxable","11":"shipping-taxable","12":"purchasable","13":"product-type-simple"},"aioseo_notices":[],"_links":{"self":[{"href":"https:\/\/demolir.store\/it\/wp-json\/wp\/v2\/product\/1395","targetHints":{"allow":["GET"]}}],"collection":[{"href":"https:\/\/demolir.store\/it\/wp-json\/wp\/v2\/product"}],"about":[{"href":"https:\/\/demolir.store\/it\/wp-json\/wp\/v2\/types\/product"}],"wp:featuredmedia":[{"embeddable":true,"href":"https:\/\/demolir.store\/it\/wp-json\/wp\/v2\/media\/170"}],"wp:attachment":[{"href":"https:\/\/demolir.store\/it\/wp-json\/wp\/v2\/media?parent=1395"}],"wp:term":[{"taxonomy":"product_brand","embeddable":true,"href":"https:\/\/demolir.store\/it\/wp-json\/wp\/v2\/product_brand?post=1395"},{"taxonomy":"product_cat","embeddable":true,"href":"https:\/\/demolir.store\/it\/wp-json\/wp\/v2\/product_cat?post=1395"},{"taxonomy":"product_tag","embeddable":true,"href":"https:\/\/demolir.store\/it\/wp-json\/wp\/v2\/product_tag?post=1395"}],"curies":[{"name":"wp","href":"https:\/\/api.w.org\/{rel}","templated":true}]}}