{"id":1412,"date":"2023-03-24T15:17:11","date_gmt":"2023-03-24T15:17:11","guid":{"rendered":"https:\/\/demolir.store\/?post_type=product&#038;p=1412"},"modified":"2025-06-25T12:08:09","modified_gmt":"2025-06-25T11:08:09","slug":"sismografo-vibracord-tellus-4-canais","status":"publish","type":"product","link":"https:\/\/demolir.store\/it\/prodotto\/sismografo-vibracord-tellus-a-4-canali\/","title":{"rendered":"Sismografo a 4 canali Vibracord Tellus"},"content":{"rendered":"<p>Sismografi secondo <strong>standard NP2074:2015<\/strong><\/p>\n<p><strong>Sismografo a 4 canali Vibracord Tellus<\/strong><\/p>\n<ul>\n<li>Schermo TFT da 7 pollici.<\/li>\n<li>Pannello a sfioramento.<\/li>\n<li>Fino a 14 canali. Sono ammessi diversi trasduttori.<\/li>\n<li>Trasferimento dei dati su disco USB.<\/li>\n<li>Possibilit\u00e0 di accedere ai suoi dati da qualsiasi dispositivo dotato di connessione a Internet.<\/li>\n<li>Connessione Wifi.<\/li>\n<li>Controlli le sue apparecchiature da remoto.<\/li>\n<li>Invio di e-mail con rapporti sui record acquisiti.<\/li>\n<li>Invia allarmi via e-mail quando i valori impostati vengono superati.<\/li>\n<li>Analisi di frequenza FFT effettuate sull'apparecchiatura.<\/li>\n<li>Veda l'onda e il modello sullo schermo grafico.<\/li>\n<\/ul>\n<p>Sono disponibili altre opzioni, ci contatti!<\/p>","protected":false},"excerpt":{"rendered":"<p>Sism\u00f3grafos de acordo com a norma NP2074:2015 Sism\u00f3grafo Vibracord Tellus 4 Canais Tela TFT de 7 \u201c. Painel t\u00e1til. At\u00e9 14 canais.\u00a0Diferentes transdutores permitidos. Transfer\u00eancia de dados para disco USB. Possibilidade de acessar os seus dados com qualquer dispositivo com conex\u00e3o \u00e0 Internet. Conex\u00e3o wifi. Controle seu equipamento remotamente. Enviar e-mails com os relat\u00f3rios dos registros capturados. Enviar alarmes por e-mail quando os valores definidos forem excedidos. An\u00e1lises de frequ\u00eancia FFT realizadas no equipamento. Veja a onda e o padr\u00e3o na tela gr\u00e1fica. Outras op\u00e7\u00f5es dispon\u00edveis, contacte-nos!<\/p>","protected":false},"featured_media":1386,"template":"","meta":[],"product_brand":[],"product_cat":[85],"product_tag":[],"class_list":{"0":"post-1412","1":"product","2":"type-product","3":"status-publish","4":"has-post-thumbnail","6":"product_cat-sismografia","8":"first","9":"onbackorder","10":"taxable","11":"shipping-taxable","12":"purchasable","13":"product-type-variable","14":"has-default-attributes"},"aioseo_notices":[],"_links":{"self":[{"href":"https:\/\/demolir.store\/it\/wp-json\/wp\/v2\/product\/1412","targetHints":{"allow":["GET"]}}],"collection":[{"href":"https:\/\/demolir.store\/it\/wp-json\/wp\/v2\/product"}],"about":[{"href":"https:\/\/demolir.store\/it\/wp-json\/wp\/v2\/types\/product"}],"wp:featuredmedia":[{"embeddable":true,"href":"https:\/\/demolir.store\/it\/wp-json\/wp\/v2\/media\/1386"}],"wp:attachment":[{"href":"https:\/\/demolir.store\/it\/wp-json\/wp\/v2\/media?parent=1412"}],"wp:term":[{"taxonomy":"product_brand","embeddable":true,"href":"https:\/\/demolir.store\/it\/wp-json\/wp\/v2\/product_brand?post=1412"},{"taxonomy":"product_cat","embeddable":true,"href":"https:\/\/demolir.store\/it\/wp-json\/wp\/v2\/product_cat?post=1412"},{"taxonomy":"product_tag","embeddable":true,"href":"https:\/\/demolir.store\/it\/wp-json\/wp\/v2\/product_tag?post=1412"}],"curies":[{"name":"wp","href":"https:\/\/api.w.org\/{rel}","templated":true}]}}