{"id":813,"date":"2021-06-29T14:21:45","date_gmt":"2021-06-29T13:21:45","guid":{"rendered":"https:\/\/demolir.store\/produto\/barra-roscada-cimertex-h22x108mm\/"},"modified":"2021-07-29T16:18:21","modified_gmt":"2021-07-29T15:18:21","slug":"barrena_integral_h22x108_16m","status":"publish","type":"product","link":"https:\/\/demolir.store\/it\/prodotto\/barrena_integral_h22x108_16m\/","title":{"rendered":"Barriera integrale H22x108 1,6 m d.33 mm"},"content":{"rendered":"<p>Barra di perforazione integrata.<\/p>\n<p>Non utilizza i bit.<\/p>\n<p><strong>Dimensioni: <\/strong>1,60 metri<\/p>\n<p><strong>Allegato:\u00a0<\/strong>H22x108<\/p>\n<p><b>Diametro<\/b><strong>:<\/strong> 33 mm<\/p>\n<p><strong>Qualit\u00e0:\u00a0<\/strong>A<\/p>","protected":false},"excerpt":{"rendered":"<p>Barrena de perfura\u00e7\u00e3o integral. N\u00e3o utiliza bits. Tamanho: 1.60 metros Encabadouro:\u00a0H22x108 Di\u00e2metro: 33 mm Qualidade:\u00a0A<\/p>","protected":false},"featured_media":1215,"template":"","meta":[],"product_brand":[],"product_cat":[46],"product_tag":[],"class_list":{"0":"post-813","1":"product","2":"type-product","3":"status-publish","4":"has-post-thumbnail","6":"product_cat-brocas-barrenas","8":"first","9":"instock","10":"taxable","11":"shipping-taxable","12":"purchasable","13":"product-type-simple"},"aioseo_notices":[],"_links":{"self":[{"href":"https:\/\/demolir.store\/it\/wp-json\/wp\/v2\/product\/813","targetHints":{"allow":["GET"]}}],"collection":[{"href":"https:\/\/demolir.store\/it\/wp-json\/wp\/v2\/product"}],"about":[{"href":"https:\/\/demolir.store\/it\/wp-json\/wp\/v2\/types\/product"}],"wp:featuredmedia":[{"embeddable":true,"href":"https:\/\/demolir.store\/it\/wp-json\/wp\/v2\/media\/1215"}],"wp:attachment":[{"href":"https:\/\/demolir.store\/it\/wp-json\/wp\/v2\/media?parent=813"}],"wp:term":[{"taxonomy":"product_brand","embeddable":true,"href":"https:\/\/demolir.store\/it\/wp-json\/wp\/v2\/product_brand?post=813"},{"taxonomy":"product_cat","embeddable":true,"href":"https:\/\/demolir.store\/it\/wp-json\/wp\/v2\/product_cat?post=813"},{"taxonomy":"product_tag","embeddable":true,"href":"https:\/\/demolir.store\/it\/wp-json\/wp\/v2\/product_tag?post=813"}],"curies":[{"name":"wp","href":"https:\/\/api.w.org\/{rel}","templated":true}]}}