{"id":874,"date":"2021-06-29T14:22:40","date_gmt":"2021-06-29T14:22:40","guid":{"rendered":"https:\/\/demolir.store\/produto\/martelo-dth-6-polegadas\/"},"modified":"2021-08-09T11:50:58","modified_gmt":"2021-08-09T10:50:58","slug":"martelo-dth-6-polegadas","status":"publish","type":"product","link":"https:\/\/demolir.store\/it\/prodotto\/martello-dth-6-pollici\/","title":{"rendered":"Martello DTH da 6 pollici"},"content":{"rendered":"<p>La perforazione DTH si basa su un sistema di percussione, che spinge un pistone all'interno del corpo del martello verso l'alto e verso il basso, facendolo muovere attraverso l'aria compressa, e trasmettendo cos\u00ec un intenso colpo di energia di percussione alla punta che consente la perforazione a schiacciamento.<\/p>\n<p>Questo metodo di perforazione DTH a martello offre elevate prestazioni di perforazione, soprattutto per la perforazione di rocce di elevata durezza, il che significa che aiuta a ridurre le ore di lavoro. Questo strumento \u00e8 ampiamente utilizzato per lavori di fondazione, servizi di esplorazione in cave o pozzi d'acqua.<\/p>\n<p><b>Diametro<\/b><strong>:<\/strong> 15,2 centimetri<\/p>","protected":false},"excerpt":{"rendered":"<p>Perfura\u00e7\u00e3o DTH baseia-se num sistema de percuss\u00e3o, dirigindo um pist\u00e3o dentro do corpo do martelo para cima e para baixo, movimento pelo ar comprimido, e desta forma transmitindo um curso intensivo de energia de percuss\u00e3o para o bit que permiti a perfura\u00e7\u00e3o por esmagamento. Este m\u00e9todo de perfura\u00e7\u00e3o por martelo DTH apresenta um alto desempenho de perfura\u00e7\u00e3o especialmente para furar rochas de elevada dureza, ou seja, contribui para a redu\u00e7\u00e3o do hor\u00e1rio de trabalho. Esta ferramenta \u00e9 amplamente utilizado para o trabalhos de funda\u00e7\u00f5es, servi\u00e7os de explora\u00e7\u00e3o em pedreiras ou po\u00e7os de \u00e1gua. Di\u00e2metro: 15,2 cent\u00edmetros<\/p>","protected":false},"featured_media":138,"template":"","meta":[],"product_brand":[],"product_cat":[42],"product_tag":[],"class_list":{"0":"post-874","1":"product","2":"type-product","3":"status-publish","4":"has-post-thumbnail","6":"product_cat-martelo-pneumatico-dth","8":"first","9":"instock","10":"taxable","11":"shipping-taxable","12":"purchasable","13":"product-type-simple"},"aioseo_notices":[],"_links":{"self":[{"href":"https:\/\/demolir.store\/it\/wp-json\/wp\/v2\/product\/874","targetHints":{"allow":["GET"]}}],"collection":[{"href":"https:\/\/demolir.store\/it\/wp-json\/wp\/v2\/product"}],"about":[{"href":"https:\/\/demolir.store\/it\/wp-json\/wp\/v2\/types\/product"}],"wp:featuredmedia":[{"embeddable":true,"href":"https:\/\/demolir.store\/it\/wp-json\/wp\/v2\/media\/138"}],"wp:attachment":[{"href":"https:\/\/demolir.store\/it\/wp-json\/wp\/v2\/media?parent=874"}],"wp:term":[{"taxonomy":"product_brand","embeddable":true,"href":"https:\/\/demolir.store\/it\/wp-json\/wp\/v2\/product_brand?post=874"},{"taxonomy":"product_cat","embeddable":true,"href":"https:\/\/demolir.store\/it\/wp-json\/wp\/v2\/product_cat?post=874"},{"taxonomy":"product_tag","embeddable":true,"href":"https:\/\/demolir.store\/it\/wp-json\/wp\/v2\/product_tag?post=874"}],"curies":[{"name":"wp","href":"https:\/\/api.w.org\/{rel}","templated":true}]}}