{"id":880,"date":"2021-06-29T14:22:45","date_gmt":"2021-06-29T14:22:45","guid":{"rendered":"https:\/\/demolir.store\/produto\/martelo-pneumatico-demolidor-m22-p25\/"},"modified":"2021-08-09T11:40:09","modified_gmt":"2021-08-09T10:40:09","slug":"martelo-pneumatico-demolidor-m22-p25","status":"publish","type":"product","link":"https:\/\/demolir.store\/it\/prodotto\/martello-demolitore-pneumatico-m22-p25\/","title":{"rendered":"Rompitore pneumatico M22-P25"},"content":{"rendered":"<p>Questo tipo di martello funziona esclusivamente tramite un sistema ad aria compressa, richiedendo quindi un compressore in cantiere. In tal senso, \u00e8 importante sottolineare che il sistema pneumatico ha un numero inferiore di componenti rispetto al martello demolitore elettrico, il che pu\u00f2 tradursi in punte da trapano pi\u00f9 leggere e una manutenzione meno frequente.<\/p>\n<p>L'utente pu\u00f2 usarlo senza preoccuparsi di prendere una scossa elettrica.<\/p>\n<ul class=\"product_info\">\n<li><strong>Modello:<\/strong> M22-P25<\/li>\n<li><strong>Peso:<\/strong> 20 kg<\/li>\n<li><strong>Lunghezza:<\/strong> 590 mm<\/li>\n<li><strong>Diametro del pistone:<\/strong> 57,16 mm<\/li>\n<li><strong>Numero di impatti (p\/minuto):<\/strong> 1.425 bpm<\/li>\n<li><strong>Consumo d'aria (p\/minuto):<\/strong> 1,61 m\u00b3<\/li>\n<li><strong>Presa d'aria:<\/strong> \u00be\u201d<\/li>\n<li><strong>Allegato:<\/strong> Esagonale 25\u00d7108 (1\u00bc\u201dX4 \u00bc\u201d)<\/li>\n<\/ul>","protected":false},"excerpt":{"rendered":"<p>Esse tipo de martelo s\u00f3 funciona por meio de uma rede de ar comprimido, necessitando de um compressor na obra. Nesse sentido, vale enfatizar que o sistema pneum\u00e1tico trabalha com uma quantidade menor de pe\u00e7as se comparado ao demolidor el\u00e9trico, o que pode significar brocas mais leves e manuten\u00e7\u00f5es menos frequentes. O utilizador pode us\u00e1-lo sem a preocupa\u00e7\u00e3o tomar de choques el\u00e9tricos. Modelo: M22-P25 Peso: 20kg Comprimento: 590mm Di\u00e2metro pist\u00e3o: 57.16mm N\u00ba de impactos (p\/minuto): 1.425bpm Consumo de ar (p\/minuto): 1.61m3 Entrada de ar: \u00be&#8221; Encabadouro: Sextavado 25&#215;108 (1\u00bc&#8221;X4 \u00bc&#8221;)<\/p>","protected":false},"featured_media":144,"template":"","meta":[],"product_brand":[],"product_cat":[43],"product_tag":[],"class_list":{"0":"post-880","1":"product","2":"type-product","3":"status-publish","4":"has-post-thumbnail","6":"product_cat-martelos-pneumaticos","8":"first","9":"instock","10":"taxable","11":"shipping-taxable","12":"purchasable","13":"product-type-simple"},"aioseo_notices":[],"_links":{"self":[{"href":"https:\/\/demolir.store\/it\/wp-json\/wp\/v2\/product\/880","targetHints":{"allow":["GET"]}}],"collection":[{"href":"https:\/\/demolir.store\/it\/wp-json\/wp\/v2\/product"}],"about":[{"href":"https:\/\/demolir.store\/it\/wp-json\/wp\/v2\/types\/product"}],"wp:featuredmedia":[{"embeddable":true,"href":"https:\/\/demolir.store\/it\/wp-json\/wp\/v2\/media\/144"}],"wp:attachment":[{"href":"https:\/\/demolir.store\/it\/wp-json\/wp\/v2\/media?parent=880"}],"wp:term":[{"taxonomy":"product_brand","embeddable":true,"href":"https:\/\/demolir.store\/it\/wp-json\/wp\/v2\/product_brand?post=880"},{"taxonomy":"product_cat","embeddable":true,"href":"https:\/\/demolir.store\/it\/wp-json\/wp\/v2\/product_cat?post=880"},{"taxonomy":"product_tag","embeddable":true,"href":"https:\/\/demolir.store\/it\/wp-json\/wp\/v2\/product_tag?post=880"}],"curies":[{"name":"wp","href":"https:\/\/api.w.org\/{rel}","templated":true}]}}